{"id":3319,"date":"2025-06-15T16:57:52","date_gmt":"2025-06-15T14:57:52","guid":{"rendered":"https:\/\/maghrebalghad.com\/?page_id=3319"},"modified":"2025-07-31T17:25:42","modified_gmt":"2025-07-31T15:25:42","slug":"jeunesse-education","status":"publish","type":"page","link":"https:\/\/maghrebalghad.com\/en\/jeunesse-education\/","title":{"rendered":"JEUNESSE &amp; \u00c9DUCATION\u00a0"},"content":{"rendered":"<div data-elementor-type=\"wp-page\" data-elementor-id=\"3319\" class=\"elementor elementor-3319\">\n\t\t\t\t<div class=\"elementor-element elementor-element-b76d00b e-flex e-con-boxed e-con e-parent\" data-id=\"b76d00b\" data-element_type=\"container\" data-settings=\"{&quot;background_background&quot;:&quot;classic&quot;}\">\n\t\t\t\t\t<div class=\"e-con-inner\">\n\t\t\t\t\t<\/div>\n\t\t\t\t<\/div>\n\t\t<div class=\"elementor-element elementor-element-0980bd5 e-flex e-con-boxed e-con e-parent\" data-id=\"0980bd5\" data-element_type=\"container\" data-settings=\"{&quot;background_background&quot;:&quot;classic&quot;}\">\n\t\t\t\t\t<div class=\"e-con-inner\">\n\t\t\t\t<div class=\"elementor-element elementor-element-545d5b7 elementor-widget elementor-widget-heading\" data-id=\"545d5b7\" data-element_type=\"widget\" data-widget_type=\"heading.default\">\n\t\t\t\t<div class=\"elementor-widget-container\">\n\t\t\t\t\t<h2 class=\"elementor-heading-title elementor-size-default\">JEUNESSE &amp; \u00c9DUCATION<\/h2>\t\t\t\t<\/div>\n\t\t\t\t<\/div>\n\t\t\t\t\t<\/div>\n\t\t\t\t<\/div>\n\t\t<div class=\"elementor-element elementor-element-96ae161 e-flex e-con-boxed e-con e-parent\" data-id=\"96ae161\" data-element_type=\"container\" data-settings=\"{&quot;background_background&quot;:&quot;classic&quot;}\">\n\t\t\t\t\t<div class=\"e-con-inner\">\n\t\t<div class=\"elementor-element elementor-element-be500ea e-con-full e-flex e-con e-child\" data-id=\"be500ea\" data-element_type=\"container\">\n\t\t\t\t<div class=\"elementor-element elementor-element-2fd1c09 elementor-widget elementor-widget-heading\" data-id=\"2fd1c09\" data-element_type=\"widget\" data-widget_type=\"heading.default\">\n\t\t\t\t<div class=\"elementor-widget-container\">\n\t\t\t\t\t<h3 class=\"elementor-heading-title elementor-size-default\">Un engagement citoyen pour un avenir \u00e9clair\u00e9<\/h3>\t\t\t\t<\/div>\n\t\t\t\t<\/div>\n\t\t\t\t<div class=\"elementor-element elementor-element-7c568ce elementor-widget elementor-widget-text-editor\" data-id=\"7c568ce\" data-element_type=\"widget\" data-widget_type=\"text-editor.default\">\n\t\t\t\t<div class=\"elementor-widget-container\">\n\t\t\t\t\t\t\t\t\t<p>L\u2019accompagnement de la jeunesse est au c\u0153ur de la mission port\u00e9e par Maghreb Al Ghad. Nous consid\u00e9rons que <strong>la r\u00e9ussite scolaire, l\u2019\u00e9galit\u00e9 des chances et l\u2019acc\u00e8s \u00e0 une orientation de qualit\u00e9<\/strong> sont les fondements d\u2019une promotion \u00e9quitable et durable des comp\u00e9tences au Maroc.<\/p>\t\t\t\t\t\t\t\t<\/div>\n\t\t\t\t<\/div>\n\t\t\t\t<\/div>\n\t\t<div class=\"elementor-element elementor-element-f67cbfb e-con-full e-flex e-con e-child\" data-id=\"f67cbfb\" data-element_type=\"container\" data-settings=\"{&quot;background_background&quot;:&quot;classic&quot;}\">\n\t\t\t\t<div class=\"elementor-element elementor-element-b815489 elementor-widget elementor-widget-heading\" data-id=\"b815489\" data-element_type=\"widget\" data-widget_type=\"heading.default\">\n\t\t\t\t<div class=\"elementor-widget-container\">\n\t\t\t\t\t<h4 class=\"elementor-heading-title elementor-size-default\">Le p\u00f4le Jeunesse &amp; \u00c9ducation vise \u00e0 :<\/h4>\t\t\t\t<\/div>\n\t\t\t\t<\/div>\n\t\t\t\t<div class=\"elementor-element elementor-element-6eab02f elementor-align-left elementor-icon-list--layout-traditional elementor-list-item-link-full_width elementor-widget elementor-widget-icon-list\" data-id=\"6eab02f\" data-element_type=\"widget\" data-widget_type=\"icon-list.default\">\n\t\t\t\t<div class=\"elementor-widget-container\">\n\t\t\t\t\t\t\t<ul class=\"elementor-icon-list-items\">\n\t\t\t\t\t\t\t<li class=\"elementor-icon-list-item\">\n\t\t\t\t\t\t\t\t\t\t\t<span class=\"elementor-icon-list-icon\">\n\t\t\t\t\t\t\t<svg aria-hidden=\"true\" class=\"e-font-icon-svg e-fas-check\" viewbox=\"0 0 512 512\" xmlns=\"http:\/\/www.w3.org\/2000\/svg\"><path d=\"M173.898 439.404l-166.4-166.4c-9.997-9.997-9.997-26.206 0-36.204l36.203-36.204c9.997-9.998 26.207-9.998 36.204 0L192 312.69 432.095 72.596c9.997-9.997 26.207-9.997 36.204 0l36.203 36.204c9.997 9.997 9.997 26.206 0 36.204l-294.4 294.401c-9.998 9.997-26.207 9.997-36.204-.001z\"><\/path><\/svg>\t\t\t\t\t\t<\/span>\n\t\t\t\t\t\t\t\t\t\t<span class=\"elementor-icon-list-text\">Soutenir les \u00e9l\u00e8ves et les familles dans leurs choix d\u2019orientation scolaire et professionnelle.<\/span>\n\t\t\t\t\t\t\t\t\t<\/li>\n\t\t\t\t\t\t\t\t<li class=\"elementor-icon-list-item\">\n\t\t\t\t\t\t\t\t\t\t\t<span class=\"elementor-icon-list-icon\">\n\t\t\t\t\t\t\t<svg aria-hidden=\"true\" class=\"e-font-icon-svg e-fas-check\" viewbox=\"0 0 512 512\" xmlns=\"http:\/\/www.w3.org\/2000\/svg\"><path d=\"M173.898 439.404l-166.4-166.4c-9.997-9.997-9.997-26.206 0-36.204l36.203-36.204c9.997-9.998 26.207-9.998 36.204 0L192 312.69 432.095 72.596c9.997-9.997 26.207-9.997 36.204 0l36.203 36.204c9.997 9.997 9.997 26.206 0 36.204l-294.4 294.401c-9.998 9.997-26.207 9.997-36.204-.001z\"><\/path><\/svg>\t\t\t\t\t\t<\/span>\n\t\t\t\t\t\t\t\t\t\t<span class=\"elementor-icon-list-text\">Faciliter l\u2019acc\u00e8s \u00e0 l\u2019information sur les fili\u00e8res de formation et les opportunit\u00e9s acad\u00e9miques post-bac.<\/span>\n\t\t\t\t\t\t\t\t\t<\/li>\n\t\t\t\t\t\t\t\t<li class=\"elementor-icon-list-item\">\n\t\t\t\t\t\t\t\t\t\t\t<span class=\"elementor-icon-list-icon\">\n\t\t\t\t\t\t\t<svg aria-hidden=\"true\" class=\"e-font-icon-svg e-fas-check\" viewbox=\"0 0 512 512\" xmlns=\"http:\/\/www.w3.org\/2000\/svg\"><path d=\"M173.898 439.404l-166.4-166.4c-9.997-9.997-9.997-26.206 0-36.204l36.203-36.204c9.997-9.998 26.207-9.998 36.204 0L192 312.69 432.095 72.596c9.997-9.997 26.207-9.997 36.204 0l36.203 36.204c9.997 9.997 9.997 26.206 0 36.204l-294.4 294.401c-9.998 9.997-26.207 9.997-36.204-.001z\"><\/path><\/svg>\t\t\t\t\t\t<\/span>\n\t\t\t\t\t\t\t\t\t\t<span class=\"elementor-icon-list-text\">Encourager l\u2019excellence et diriger les jeunes vers des voies valorisantes en phase avec les priorit\u00e9s sectorielles du Royaume.<\/span>\n\t\t\t\t\t\t\t\t\t<\/li>\n\t\t\t\t\t\t<\/ul>\n\t\t\t\t\t\t<\/div>\n\t\t\t\t<\/div>\n\t\t\t\t<\/div>\n\t\t\t\t\t<\/div>\n\t\t\t\t<\/div>\n\t\t<div class=\"elementor-element elementor-element-92e469b e-flex e-con-boxed e-con e-parent\" data-id=\"92e469b\" data-element_type=\"container\" data-settings=\"{&quot;background_background&quot;:&quot;classic&quot;}\">\n\t\t\t\t\t<div class=\"e-con-inner\">\n\t\t<div class=\"elementor-element elementor-element-696b184 e-con-full e-flex e-con e-child\" data-id=\"696b184\" data-element_type=\"container\">\n\t\t\t\t<div class=\"elementor-element elementor-element-a077aab elementor-widget elementor-widget-indostio-banner\" data-id=\"a077aab\" data-element_type=\"widget\" data-widget_type=\"indostio-banner.default\">\n\t\t\t\t<div class=\"elementor-widget-container\">\n\t\t\t\t\t\t\t<div class=\"indostio-banner\">\r\n\t\t\t\t\t\t<img decoding=\"async\" src=\"https:\/\/maghrebalghad.com\/wp-content\/uploads\/2025\/06\/stud.png\" title=\"stud\" alt=\"stud\" loading=\"lazy\" \/>\t\t\t<div class=\"indostio-banner__content\">\r\n\t\t\t\t\t\t\t\t\t<div class=\"indostio-banner_icon indostio-svg-icon\">\r\n\t\t\t\t\t\t<svg xmlns=\"http:\/\/www.w3.org\/2000\/svg\" width=\"16\" height=\"12\" viewbox=\"0 0 16 12\" fill=\"none\"><path d=\"M13.5938 0.625L5.375 8.84375L2.375 5.8125C2.21875 5.6875 1.96875 5.6875 1.84375 5.8125L0.9375 6.71875C0.8125 6.84375 0.8125 7.09375 0.9375 7.25L5.125 11.4062C5.28125 11.5625 5.5 11.5625 5.65625 11.4062L15.0312 2.03125C15.1562 1.90625 15.1562 1.65625 15.0312 1.5L14.125 0.625C14 0.46875 13.75 0.46875 13.5938 0.625Z\" fill=\"currentColor\"><\/path><\/svg>\t\t\t\t\t<\/div>\r\n\t\t\t\t\t\t\t\t<div class=\"indostio-banner_title\">Massary: School guidance reinvented<\/div>\r\n\t\t\t<\/div>\r\n\t\t\t\t\t<\/div>\r\n\t\t\t\t\t\t<\/div>\n\t\t\t\t<\/div>\n\t\t\t\t<\/div>\n\t\t<div class=\"elementor-element elementor-element-2d784dc e-con-full e-flex e-con e-child\" data-id=\"2d784dc\" data-element_type=\"container\">\n\t\t\t\t<div class=\"elementor-element elementor-element-5d0c29a elementor-widget elementor-widget-indostio-section-title\" data-id=\"5d0c29a\" data-element_type=\"widget\" data-widget_type=\"indostio-section-title.default\">\n\t\t\t\t<div class=\"elementor-widget-container\">\n\t\t\t\t\t\t\t<div class=\"indostio-section-title\">\r\n\t\t\t\t<div class=\"indostio-section-title__content\">\r\n\t\t\t\t\t\t\t\t\t\t<h2 class=\"indostio-section-title_heading\">\r\n\t\t\t\t\t\tMASSARY, FOR A YOUTH PROUD OF ITS CHOICES\t\t\t\t\t<\/h2>\r\n\t\t\t\t\t\t\t\t\t<\/div>\r\n\t\t\t\t\t\t\t<\/div>\r\n\t\t\t\t\t\t<\/div>\n\t\t\t\t<\/div>\n\t\t\t\t<div class=\"elementor-element elementor-element-9bb35bd elementor-widget elementor-widget-text-editor\" data-id=\"9bb35bd\" data-element_type=\"widget\" data-widget_type=\"text-editor.default\">\n\t\t\t\t<div class=\"elementor-widget-container\">\n\t\t\t\t\t\t\t\t\t<p><span lang=\"FR\">Developed in partnership with FNAPEM (F\u00e9d\u00e9ration Nationale des Associations des Parents d'El\u00e8ves du Maroc), Massary is a platform designed to help Moroccan high school students gain access to excellent training:<\/span><\/p>\t\t\t\t\t\t\t\t<\/div>\n\t\t\t\t<\/div>\n\t\t<div class=\"elementor-element elementor-element-c1d6f60 e-flex e-con-boxed e-con e-child\" data-id=\"c1d6f60\" data-element_type=\"container\">\n\t\t\t\t\t<div class=\"e-con-inner\">\n\t\t<div class=\"elementor-element elementor-element-6377487 e-con-full e-flex e-con e-child\" data-id=\"6377487\" data-element_type=\"container\">\n\t\t\t\t<div class=\"elementor-element elementor-element-f096e4a indostio-icon-box__vertical-align-middle indostio-icon-box__icon-position--left elementor-widget elementor-widget-indostio-icon-box\" data-id=\"f096e4a\" data-element_type=\"widget\" data-widget_type=\"indostio-icon-box.default\">\n\t\t\t\t<div class=\"elementor-widget-container\">\n\t\t\t\t\t\t\t<div class=\"indostio-icon-box no-desc icon-type-icon\">\r\n\t\t\t\t\t\t\t\t\t\t<div class=\"indostio-icon-box__icon\">\r\n\t\t\t\t\t<span class=\"indostio-svg-icon\"><svg xmlns=\"http:\/\/www.w3.org\/2000\/svg\" width=\"18\" height=\"19\" viewbox=\"0 0 18 19\" fill=\"none\"><path d=\"M5.73047 8.37109C5.55469 8.19531 5.27344 8.19531 5.13281 8.37109L4.32422 9.14453C4.14844 9.32031 4.14844 9.60156 4.32422 9.74219L7.52344 12.9766C7.66406 13.1523 7.94531 13.1523 8.12109 12.9766L14.168 6.96484C14.3438 6.78906 14.3438 6.50781 14.168 6.36719L13.3945 5.55859C13.2188 5.38281 12.9727 5.38281 12.7969 5.55859L7.83984 10.4805L5.73047 8.37109ZM16.3828 3.20312L9.63281 0.390625C9.42188 0.320312 9.21094 0.285156 9 0.285156C8.75391 0.285156 8.54297 0.320312 8.33203 0.390625L1.58203 3.20312C0.949219 3.48438 0.5625 4.08203 0.5625 4.75C0.5625 11.7461 4.57031 16.5625 8.33203 18.1445C8.75391 18.3203 9.21094 18.3203 9.63281 18.1445C12.6562 16.8789 17.4375 12.5547 17.4375 4.75C17.4375 4.08203 17.0156 3.48438 16.3828 3.20312ZM9 16.5625C5.55469 15.1562 2.25 10.7266 2.25 4.75L9 1.9375L15.75 4.75C15.75 10.8672 12.2695 15.1914 9 16.5625Z\" fill=\"currentColor\"><\/path><\/svg><\/span>\t\t\t\t<\/div>\r\n\t\t\t\t\t\t<div class=\"indostio-icon-box__wrapper\">\r\n\t\t\t\t\t\t\t\t\t<h6 class=\"indostio-icon-box__title\">Resources on sectors and establishments<\/h6>\r\n\t\t\t\t\t\t\t\t\t\t\t\t\t\t\t<\/div>\r\n\t\t<\/div>\r\n\t\t\t\t\t\t<\/div>\n\t\t\t\t<\/div>\n\t\t\t\t<div class=\"elementor-element elementor-element-9bc0fc1 indostio-icon-box__vertical-align-middle indostio-icon-box__icon-position--left elementor-widget elementor-widget-indostio-icon-box\" data-id=\"9bc0fc1\" data-element_type=\"widget\" data-widget_type=\"indostio-icon-box.default\">\n\t\t\t\t<div class=\"elementor-widget-container\">\n\t\t\t\t\t\t\t<div class=\"indostio-icon-box no-desc icon-type-icon\">\r\n\t\t\t\t\t\t\t\t\t\t<div class=\"indostio-icon-box__icon\">\r\n\t\t\t\t\t<span class=\"indostio-svg-icon\"><svg xmlns=\"http:\/\/www.w3.org\/2000\/svg\" width=\"18\" height=\"19\" viewbox=\"0 0 18 19\" fill=\"none\"><path d=\"M5.73047 8.37109C5.55469 8.19531 5.27344 8.19531 5.13281 8.37109L4.32422 9.14453C4.14844 9.32031 4.14844 9.60156 4.32422 9.74219L7.52344 12.9766C7.66406 13.1523 7.94531 13.1523 8.12109 12.9766L14.168 6.96484C14.3438 6.78906 14.3438 6.50781 14.168 6.36719L13.3945 5.55859C13.2188 5.38281 12.9727 5.38281 12.7969 5.55859L7.83984 10.4805L5.73047 8.37109ZM16.3828 3.20312L9.63281 0.390625C9.42188 0.320312 9.21094 0.285156 9 0.285156C8.75391 0.285156 8.54297 0.320312 8.33203 0.390625L1.58203 3.20312C0.949219 3.48438 0.5625 4.08203 0.5625 4.75C0.5625 11.7461 4.57031 16.5625 8.33203 18.1445C8.75391 18.3203 9.21094 18.3203 9.63281 18.1445C12.6562 16.8789 17.4375 12.5547 17.4375 4.75C17.4375 4.08203 17.0156 3.48438 16.3828 3.20312ZM9 16.5625C5.55469 15.1562 2.25 10.7266 2.25 4.75L9 1.9375L15.75 4.75C15.75 10.8672 12.2695 15.1914 9 16.5625Z\" fill=\"currentColor\"><\/path><\/svg><\/span>\t\t\t\t<\/div>\r\n\t\t\t\t\t\t<div class=\"indostio-icon-box__wrapper\">\r\n\t\t\t\t\t\t\t\t\t<h6 class=\"indostio-icon-box__title\"> Competition alerts and stock market news. <\/h6>\r\n\t\t\t\t\t\t\t\t\t\t\t\t\t\t\t<\/div>\r\n\t\t<\/div>\r\n\t\t\t\t\t\t<\/div>\n\t\t\t\t<\/div>\n\t\t\t\t<div class=\"elementor-element elementor-element-42d1ee5 indostio-icon-box__vertical-align-middle indostio-icon-box__icon-position--left elementor-widget elementor-widget-indostio-icon-box\" data-id=\"42d1ee5\" data-element_type=\"widget\" data-widget_type=\"indostio-icon-box.default\">\n\t\t\t\t<div class=\"elementor-widget-container\">\n\t\t\t\t\t\t\t<div class=\"indostio-icon-box no-desc icon-type-icon\">\r\n\t\t\t\t\t\t\t\t\t\t<div class=\"indostio-icon-box__icon\">\r\n\t\t\t\t\t<span class=\"indostio-svg-icon\"><svg xmlns=\"http:\/\/www.w3.org\/2000\/svg\" width=\"18\" height=\"19\" viewbox=\"0 0 18 19\" fill=\"none\"><path d=\"M5.73047 8.37109C5.55469 8.19531 5.27344 8.19531 5.13281 8.37109L4.32422 9.14453C4.14844 9.32031 4.14844 9.60156 4.32422 9.74219L7.52344 12.9766C7.66406 13.1523 7.94531 13.1523 8.12109 12.9766L14.168 6.96484C14.3438 6.78906 14.3438 6.50781 14.168 6.36719L13.3945 5.55859C13.2188 5.38281 12.9727 5.38281 12.7969 5.55859L7.83984 10.4805L5.73047 8.37109ZM16.3828 3.20312L9.63281 0.390625C9.42188 0.320312 9.21094 0.285156 9 0.285156C8.75391 0.285156 8.54297 0.320312 8.33203 0.390625L1.58203 3.20312C0.949219 3.48438 0.5625 4.08203 0.5625 4.75C0.5625 11.7461 4.57031 16.5625 8.33203 18.1445C8.75391 18.3203 9.21094 18.3203 9.63281 18.1445C12.6562 16.8789 17.4375 12.5547 17.4375 4.75C17.4375 4.08203 17.0156 3.48438 16.3828 3.20312ZM9 16.5625C5.55469 15.1562 2.25 10.7266 2.25 4.75L9 1.9375L15.75 4.75C15.75 10.8672 12.2695 15.1914 9 16.5625Z\" fill=\"currentColor\"><\/path><\/svg><\/span>\t\t\t\t<\/div>\r\n\t\t\t\t\t\t<div class=\"indostio-icon-box__wrapper\">\r\n\t\t\t\t\t\t\t\t\t<h6 class=\"indostio-icon-box__title\"> Access to extracurricular services?<\/h6>\r\n\t\t\t\t\t\t\t\t\t\t\t\t\t\t\t<\/div>\r\n\t\t<\/div>\r\n\t\t\t\t\t\t<\/div>\n\t\t\t\t<\/div>\n\t\t\t\t<\/div>\n\t\t<div class=\"elementor-element elementor-element-095b6fa e-con-full e-flex e-con e-child\" data-id=\"095b6fa\" data-element_type=\"container\">\n\t\t\t\t<div class=\"elementor-element elementor-element-30ab16f indostio-icon-box__vertical-align-middle indostio-icon-box__icon-position--left elementor-widget elementor-widget-indostio-icon-box\" data-id=\"30ab16f\" data-element_type=\"widget\" data-widget_type=\"indostio-icon-box.default\">\n\t\t\t\t<div class=\"elementor-widget-container\">\n\t\t\t\t\t\t\t<div class=\"indostio-icon-box no-desc icon-type-icon\">\r\n\t\t\t\t\t\t\t\t\t\t<div class=\"indostio-icon-box__icon\">\r\n\t\t\t\t\t<span class=\"indostio-svg-icon\"><svg xmlns=\"http:\/\/www.w3.org\/2000\/svg\" width=\"18\" height=\"19\" viewbox=\"0 0 18 19\" fill=\"none\"><path d=\"M5.73047 8.37109C5.55469 8.19531 5.27344 8.19531 5.13281 8.37109L4.32422 9.14453C4.14844 9.32031 4.14844 9.60156 4.32422 9.74219L7.52344 12.9766C7.66406 13.1523 7.94531 13.1523 8.12109 12.9766L14.168 6.96484C14.3438 6.78906 14.3438 6.50781 14.168 6.36719L13.3945 5.55859C13.2188 5.38281 12.9727 5.38281 12.7969 5.55859L7.83984 10.4805L5.73047 8.37109ZM16.3828 3.20312L9.63281 0.390625C9.42188 0.320312 9.21094 0.285156 9 0.285156C8.75391 0.285156 8.54297 0.320312 8.33203 0.390625L1.58203 3.20312C0.949219 3.48438 0.5625 4.08203 0.5625 4.75C0.5625 11.7461 4.57031 16.5625 8.33203 18.1445C8.75391 18.3203 9.21094 18.3203 9.63281 18.1445C12.6562 16.8789 17.4375 12.5547 17.4375 4.75C17.4375 4.08203 17.0156 3.48438 16.3828 3.20312ZM9 16.5625C5.55469 15.1562 2.25 10.7266 2.25 4.75L9 1.9375L15.75 4.75C15.75 10.8672 12.2695 15.1914 9 16.5625Z\" fill=\"currentColor\"><\/path><\/svg><\/span>\t\t\t\t<\/div>\r\n\t\t\t\t\t\t<div class=\"indostio-icon-box__wrapper\">\r\n\t\t\t\t\t\t\t\t\t<h6 class=\"indostio-icon-box__title\">Focus on the best destinations.<\/h6>\r\n\t\t\t\t\t\t\t\t\t\t\t\t\t\t\t<\/div>\r\n\t\t<\/div>\r\n\t\t\t\t\t\t<\/div>\n\t\t\t\t<\/div>\n\t\t\t\t<div class=\"elementor-element elementor-element-029ecc7 indostio-icon-box__vertical-align-middle indostio-icon-box__icon-position--left elementor-widget elementor-widget-indostio-icon-box\" data-id=\"029ecc7\" data-element_type=\"widget\" data-widget_type=\"indostio-icon-box.default\">\n\t\t\t\t<div class=\"elementor-widget-container\">\n\t\t\t\t\t\t\t<div class=\"indostio-icon-box no-desc icon-type-icon\">\r\n\t\t\t\t\t\t\t\t\t\t<div class=\"indostio-icon-box__icon\">\r\n\t\t\t\t\t<span class=\"indostio-svg-icon\"><svg xmlns=\"http:\/\/www.w3.org\/2000\/svg\" width=\"18\" height=\"19\" viewbox=\"0 0 18 19\" fill=\"none\"><path d=\"M5.73047 8.37109C5.55469 8.19531 5.27344 8.19531 5.13281 8.37109L4.32422 9.14453C4.14844 9.32031 4.14844 9.60156 4.32422 9.74219L7.52344 12.9766C7.66406 13.1523 7.94531 13.1523 8.12109 12.9766L14.168 6.96484C14.3438 6.78906 14.3438 6.50781 14.168 6.36719L13.3945 5.55859C13.2188 5.38281 12.9727 5.38281 12.7969 5.55859L7.83984 10.4805L5.73047 8.37109ZM16.3828 3.20312L9.63281 0.390625C9.42188 0.320312 9.21094 0.285156 9 0.285156C8.75391 0.285156 8.54297 0.320312 8.33203 0.390625L1.58203 3.20312C0.949219 3.48438 0.5625 4.08203 0.5625 4.75C0.5625 11.7461 4.57031 16.5625 8.33203 18.1445C8.75391 18.3203 9.21094 18.3203 9.63281 18.1445C12.6562 16.8789 17.4375 12.5547 17.4375 4.75C17.4375 4.08203 17.0156 3.48438 16.3828 3.20312ZM9 16.5625C5.55469 15.1562 2.25 10.7266 2.25 4.75L9 1.9375L15.75 4.75C15.75 10.8672 12.2695 15.1914 9 16.5625Z\" fill=\"currentColor\"><\/path><\/svg><\/span>\t\t\t\t<\/div>\r\n\t\t\t\t\t\t<div class=\"indostio-icon-box__wrapper\">\r\n\t\t\t\t\t\t\t\t\t<h6 class=\"indostio-icon-box__title\">Personalized coaching and advice.<\/h6>\r\n\t\t\t\t\t\t\t\t\t\t\t\t\t\t\t<\/div>\r\n\t\t<\/div>\r\n\t\t\t\t\t\t<\/div>\n\t\t\t\t<\/div>\n\t\t\t\t<\/div>\n\t\t\t\t\t<\/div>\n\t\t\t\t<\/div>\n\t\t\t\t<div class=\"elementor-element elementor-element-e85a27b elementor-widget elementor-widget-button\" data-id=\"e85a27b\" data-element_type=\"widget\" data-widget_type=\"button.default\">\n\t\t\t\t<div class=\"elementor-widget-container\">\n\t\t\t\t\t\t\t\t\t<div class=\"elementor-button-wrapper\">\n\t\t\t\t\t<a class=\"elementor-button elementor-button-link elementor-size-xs\" href=\"#\">\n\t\t\t\t\t\t<span class=\"elementor-button-content-wrapper\">\n\t\t\t\t\t\t<span class=\"elementor-button-icon\">\n\t\t\t\t<svg xmlns=\"http:\/\/www.w3.org\/2000\/svg\" width=\"12\" height=\"12\" viewbox=\"0 0 12 12\" fill=\"none\"><path d=\"M11.3438 6.28125C11.5 6.125 11.5 5.90625 11.3438 5.75L6.78125 1.125C6.625 0.96875 6.375 0.96875 6.25 1.125L5.625 1.75C5.46875 1.875 5.46875 2.125 5.625 2.28125L9.3125 6L5.625 9.75C5.46875 9.90625 5.46875 10.125 5.625 10.2812L6.25 10.9062C6.375 11.0625 6.625 11.0625 6.78125 10.9062L11.3438 6.28125ZM6.34375 5.75L1.78125 1.125C1.625 0.96875 1.375 0.96875 1.25 1.125L0.625 1.75C0.46875 1.875 0.46875 2.125 0.625 2.28125L4.3125 6L0.625 9.75C0.46875 9.90625 0.46875 10.125 0.625 10.2812L1.25 10.9062C1.375 11.0625 1.625 11.0625 1.78125 10.9062L6.34375 6.28125C6.5 6.125 6.5 5.90625 6.34375 5.75Z\" fill=\"currentColor\"><\/path><\/svg>\t\t\t<\/span>\n\t\t\t\t\t\t\t\t\t<span class=\"elementor-button-text\">Access the Massary platform<\/span>\n\t\t\t\t\t<\/span>\n\t\t\t\t\t<\/a>\n\t\t\t\t<\/div>\n\t\t\t\t\t\t\t\t<\/div>\n\t\t\t\t<\/div>\n\t\t\t\t<\/div>\n\t\t\t\t\t<\/div>\n\t\t\t\t<\/div>\n\t\t\t\t<\/div>","protected":false},"excerpt":{"rendered":"<p>JEUNESSE &amp; \u00c9DUCATION Un engagement citoyen pour un avenir \u00e9clair\u00e9 L\u2019accompagnement de la jeunesse est au c\u0153ur de la mission port\u00e9e par Maghreb Al Ghad. Nous consid\u00e9rons que la r\u00e9ussite scolaire, l\u2019\u00e9galit\u00e9 des chances et l\u2019acc\u00e8s \u00e0 une orientation de qualit\u00e9 sont les fondements d\u2019une promotion \u00e9quitable et durable des comp\u00e9tences au Maroc. Le p\u00f4le [&hellip;]<\/p>","protected":false},"author":1,"featured_media":0,"parent":0,"menu_order":0,"comment_status":"closed","ping_status":"closed","template":"","meta":{"footnotes":""},"class_list":["post-3319","page","type-page","status-publish","hentry"],"_links":{"self":[{"href":"https:\/\/maghrebalghad.com\/en\/wp-json\/wp\/v2\/pages\/3319","targetHints":{"allow":["GET"]}}],"collection":[{"href":"https:\/\/maghrebalghad.com\/en\/wp-json\/wp\/v2\/pages"}],"about":[{"href":"https:\/\/maghrebalghad.com\/en\/wp-json\/wp\/v2\/types\/page"}],"author":[{"embeddable":true,"href":"https:\/\/maghrebalghad.com\/en\/wp-json\/wp\/v2\/users\/1"}],"replies":[{"embeddable":true,"href":"https:\/\/maghrebalghad.com\/en\/wp-json\/wp\/v2\/comments?post=3319"}],"version-history":[{"count":19,"href":"https:\/\/maghrebalghad.com\/en\/wp-json\/wp\/v2\/pages\/3319\/revisions"}],"predecessor-version":[{"id":3472,"href":"https:\/\/maghrebalghad.com\/en\/wp-json\/wp\/v2\/pages\/3319\/revisions\/3472"}],"wp:attachment":[{"href":"https:\/\/maghrebalghad.com\/en\/wp-json\/wp\/v2\/media?parent=3319"}],"curies":[{"name":"wp","href":"https:\/\/api.w.org\/{rel}","templated":true}]}}