{"id":3363,"date":"2025-06-27T18:05:08","date_gmt":"2025-06-27T16:05:08","guid":{"rendered":"https:\/\/maghrebalghad.com\/?page_id=3363"},"modified":"2025-09-06T19:24:22","modified_gmt":"2025-09-06T17:24:22","slug":"mot-de-la-fondatrice","status":"publish","type":"page","link":"https:\/\/maghrebalghad.com\/en\/mot-de-la-fondatrice\/","title":{"rendered":"A word from the founder"},"content":{"rendered":"<div data-elementor-type=\"wp-page\" data-elementor-id=\"3363\" class=\"elementor elementor-3363\">\n\t\t\t\t<div class=\"elementor-element elementor-element-cc5e6b5 e-flex e-con-boxed e-con e-parent\" data-id=\"cc5e6b5\" data-element_type=\"container\" data-settings=\"{&quot;background_background&quot;:&quot;classic&quot;}\">\n\t\t\t\t\t<div class=\"e-con-inner\">\n\t\t\t\t<div class=\"elementor-element elementor-element-fa794be elementor-widget elementor-widget-heading\" data-id=\"fa794be\" data-element_type=\"widget\" data-widget_type=\"heading.default\">\n\t\t\t\t<div class=\"elementor-widget-container\">\n\t\t\t\t\t<h3 class=\"elementor-heading-title elementor-size-default\">A word from the founder<\/h3>\t\t\t\t<\/div>\n\t\t\t\t<\/div>\n\t\t\t\t<div class=\"elementor-element elementor-element-e72d20c elementor-widget elementor-widget-image\" data-id=\"e72d20c\" data-element_type=\"widget\" data-widget_type=\"image.default\">\n\t\t\t\t<div class=\"elementor-widget-container\">\n\t\t\t\t\t\t\t\t\t\t\t\t\t\t\t<img fetchpriority=\"high\" decoding=\"async\" width=\"577\" height=\"657\" src=\"https:\/\/maghrebalghad.com\/wp-content\/uploads\/2025\/09\/assia-doudach.png\" class=\"attachment-large size-large wp-image-3498\" alt=\"\" srcset=\"https:\/\/maghrebalghad.com\/wp-content\/uploads\/2025\/09\/assia-doudach.png 577w, https:\/\/maghrebalghad.com\/wp-content\/uploads\/2025\/09\/assia-doudach-263x300.png 263w, https:\/\/maghrebalghad.com\/wp-content\/uploads\/2025\/09\/assia-doudach-11x12.png 11w\" sizes=\"(max-width: 577px) 100vw, 577px\" \/>\t\t\t\t\t\t\t\t\t\t\t\t\t\t\t<\/div>\n\t\t\t\t<\/div>\n\t\t\t\t<div class=\"elementor-element elementor-element-0fb51ac elementor-widget elementor-widget-heading\" data-id=\"0fb51ac\" data-element_type=\"widget\" data-widget_type=\"heading.default\">\n\t\t\t\t<div class=\"elementor-widget-container\">\n\t\t\t\t\t<h4 class=\"elementor-heading-title elementor-size-default\">\u00ab Le Maroc de demain se construit d\u00e8s aujourd\u2019hui, \u00e0 travers nos engagements, nos id\u00e9es et notre volont\u00e9 d\u2019agir ensemble. \u00bb<\/h4>\t\t\t\t<\/div>\n\t\t\t\t<\/div>\n\t\t\t\t<div class=\"elementor-element elementor-element-fdb831d elementor-widget elementor-widget-text-editor\" data-id=\"fdb831d\" data-element_type=\"widget\" data-widget_type=\"text-editor.default\">\n\t\t\t\t<div class=\"elementor-widget-container\">\n\t\t\t\t\t\t\t\t\t<p>Maghreb Al Ghad est n\u00e9 d\u2019une conviction profonde : celle que chaque citoyen, chaque territoire, chaque jeune peut \u00eatre un acteur \u00e0 part enti\u00e8re du d\u00e9veloppement de notre pays. Face aux d\u00e9fis de notre \u00e9poque, nous avons fait le choix de l\u2019action collective, du dialogue, et de la mobilisation des comp\u00e9tences au service d\u2019un Maroc plus solidaire, plus durable et plus inclusif.<\/p><p>\u00c0 travers cette initiative, nous souhaitons contribuer \u00e0 la dynamique du Nouveau Mod\u00e8le de D\u00e9veloppement, en pla\u00e7ant la jeunesse, l\u2019innovation, l\u2019\u00e9cologie, la citoyennet\u00e9 et la valorisation du patrimoine au c\u0153ur de nos priorit\u00e9s. Notre approche est transversale, participative et ancr\u00e9e dans les r\u00e9alit\u00e9s du terrain. Elle vise un impact concret et durable, en particulier pour les populations les plus \u00e9loign\u00e9es des opportunit\u00e9s.<\/p><p>De la plateforme <em>Massary<\/em> d\u00e9di\u00e9e \u00e0 l\u2019orientation scolaire, \u00e0 nos actions en faveur de l\u2019entrepreneuriat, de l\u2019\u00e9ducation, du tourisme local ou encore de l\u2019\u00e9cologie, nous \u0153uvrons pour que les id\u00e9es se transforment en projets, et que les projets deviennent des leviers d\u2019\u00e9mancipation.<\/p><p>Maghreb Al Ghad n\u2019est pas un projet fig\u00e9, mais une dynamique ouverte, \u00e9volutive, construite avec et pour les citoyens. Il s\u2019adresse \u00e0 toutes celles et ceux qui veulent croire en un Maroc capable de se r\u00e9inventer, en s\u2019appuyant sur ses forces vives et son patrimoine humain.<\/p><p>Nous continuerons \u00e0 agir avec rigueur, \u00e9thique et pers\u00e9v\u00e9rance, convaincus que le changement se construit pas \u00e0 pas, mais qu\u2019il devient irr\u00e9versible lorsqu\u2019il est port\u00e9 collectivement.<\/p><p>\u00a0<\/p>\t\t\t\t\t\t\t\t<\/div>\n\t\t\t\t<\/div>\n\t\t\t\t<div class=\"elementor-element elementor-element-05f3b54 elementor-widget elementor-widget-text-editor\" data-id=\"05f3b54\" data-element_type=\"widget\" data-widget_type=\"text-editor.default\">\n\t\t\t\t<div class=\"elementor-widget-container\">\n\t\t\t\t\t\t\t\t\t<strong>Assia Doudach<\/strong> <br>\n<strong>Fondatrice de Maghreb Al Gahd<\/strong>\t\t\t\t\t\t\t\t<\/div>\n\t\t\t\t<\/div>\n\t\t\t\t\t<\/div>\n\t\t\t\t<\/div>\n\t\t\t\t<\/div>","protected":false},"excerpt":{"rendered":"<p>Mot de la fondatrice \u00ab Le Maroc de demain se construit d\u00e8s aujourd\u2019hui, \u00e0 travers nos engagements, nos id\u00e9es et notre volont\u00e9 d\u2019agir ensemble. \u00bb Maghreb Al Ghad est n\u00e9 d\u2019une conviction profonde : celle que chaque citoyen, chaque territoire, chaque jeune peut \u00eatre un acteur \u00e0 part enti\u00e8re du d\u00e9veloppement de notre pays. Face [&hellip;]<\/p>","protected":false},"author":1,"featured_media":0,"parent":0,"menu_order":0,"comment_status":"closed","ping_status":"closed","template":"","meta":{"footnotes":""},"class_list":["post-3363","page","type-page","status-publish","hentry"],"_links":{"self":[{"href":"https:\/\/maghrebalghad.com\/en\/wp-json\/wp\/v2\/pages\/3363","targetHints":{"allow":["GET"]}}],"collection":[{"href":"https:\/\/maghrebalghad.com\/en\/wp-json\/wp\/v2\/pages"}],"about":[{"href":"https:\/\/maghrebalghad.com\/en\/wp-json\/wp\/v2\/types\/page"}],"author":[{"embeddable":true,"href":"https:\/\/maghrebalghad.com\/en\/wp-json\/wp\/v2\/users\/1"}],"replies":[{"embeddable":true,"href":"https:\/\/maghrebalghad.com\/en\/wp-json\/wp\/v2\/comments?post=3363"}],"version-history":[{"count":16,"href":"https:\/\/maghrebalghad.com\/en\/wp-json\/wp\/v2\/pages\/3363\/revisions"}],"predecessor-version":[{"id":3525,"href":"https:\/\/maghrebalghad.com\/en\/wp-json\/wp\/v2\/pages\/3363\/revisions\/3525"}],"wp:attachment":[{"href":"https:\/\/maghrebalghad.com\/en\/wp-json\/wp\/v2\/media?parent=3363"}],"curies":[{"name":"wp","href":"https:\/\/api.w.org\/{rel}","templated":true}]}}