{"id":3378,"date":"2025-06-27T23:41:17","date_gmt":"2025-06-27T21:41:17","guid":{"rendered":"https:\/\/maghrebalghad.com\/?page_id=3378"},"modified":"2025-07-31T17:28:59","modified_gmt":"2025-07-31T15:28:59","slug":"entrepreneuriat-innovation","status":"publish","type":"page","link":"https:\/\/maghrebalghad.com\/en\/entrepreneuriat-innovation\/","title":{"rendered":"ENTREPRENEURIAT &#038; INNOVATION"},"content":{"rendered":"<div data-elementor-type=\"wp-page\" data-elementor-id=\"3378\" class=\"elementor elementor-3378\">\n\t\t\t\t<div class=\"elementor-element elementor-element-b76d00b e-flex e-con-boxed e-con e-parent\" data-id=\"b76d00b\" data-element_type=\"container\" data-settings=\"{&quot;background_background&quot;:&quot;classic&quot;}\">\n\t\t\t\t\t<div class=\"e-con-inner\">\n\t\t\t\t\t<\/div>\n\t\t\t\t<\/div>\n\t\t<div class=\"elementor-element elementor-element-95e740a e-flex e-con-boxed e-con e-parent\" data-id=\"95e740a\" data-element_type=\"container\" data-settings=\"{&quot;background_background&quot;:&quot;classic&quot;}\">\n\t\t\t\t\t<div class=\"e-con-inner\">\n\t\t\t\t<div class=\"elementor-element elementor-element-04fa97f elementor-widget elementor-widget-heading\" data-id=\"04fa97f\" data-element_type=\"widget\" data-widget_type=\"heading.default\">\n\t\t\t\t<div class=\"elementor-widget-container\">\n\t\t\t\t\t<h2 class=\"elementor-heading-title elementor-size-default\">ENTREPRENEURIAT &amp; INNOVATION<\/h2>\t\t\t\t<\/div>\n\t\t\t\t<\/div>\n\t\t\t\t\t<\/div>\n\t\t\t\t<\/div>\n\t\t<div class=\"elementor-element elementor-element-96ae161 e-flex e-con-boxed e-con e-parent\" data-id=\"96ae161\" data-element_type=\"container\" data-settings=\"{&quot;background_background&quot;:&quot;classic&quot;}\">\n\t\t\t\t\t<div class=\"e-con-inner\">\n\t\t<div class=\"elementor-element elementor-element-f67cbfb e-con-full e-flex e-con e-child\" data-id=\"f67cbfb\" data-element_type=\"container\" data-settings=\"{&quot;background_background&quot;:&quot;classic&quot;}\">\n\t\t\t\t<div class=\"elementor-element elementor-element-2fd1c09 elementor-widget elementor-widget-heading\" data-id=\"2fd1c09\" data-element_type=\"widget\" data-widget_type=\"heading.default\">\n\t\t\t\t<div class=\"elementor-widget-container\">\n\t\t\t\t\t<h3 class=\"elementor-heading-title elementor-size-default\">R\u00e9v\u00e9ler le potentiel des jeunes, faire \u00e9clore des projets<\/h3>\t\t\t\t<\/div>\n\t\t\t\t<\/div>\n\t\t\t\t<div class=\"elementor-element elementor-element-7c568ce elementor-widget elementor-widget-text-editor\" data-id=\"7c568ce\" data-element_type=\"widget\" data-widget_type=\"text-editor.default\">\n\t\t\t\t<div class=\"elementor-widget-container\">\n\t\t\t\t\t\t\t\t\t<p>Chez <strong>Maghreb Al Ghad<\/strong>, nous croyons en une jeunesse qui ne se contente pas de chercher sa place en entreprise, mais qui cr\u00e9e la sienne. L\u2019entrepreneuriat n\u2019est pas un plan B : c\u2019est une voie d\u2019avenir, un moteur de croissance et un levier de cr\u00e9ation d\u2019emplois. En valorisant l\u2019entrepreneuriat comme une option ambitieuse, nous contribuons \u00e0 \u00e9largir le champ des horizons pour les jeunes talents du Maroc.<\/p>\t\t\t\t\t\t\t\t<\/div>\n\t\t\t\t<\/div>\n\t\t\t\t<\/div>\n\t\t\t\t\t<\/div>\n\t\t\t\t<\/div>\n\t\t<div class=\"elementor-element elementor-element-0a142fd e-flex e-con-boxed e-con e-parent\" data-id=\"0a142fd\" data-element_type=\"container\" data-settings=\"{&quot;background_background&quot;:&quot;classic&quot;}\">\n\t\t\t\t\t<div class=\"e-con-inner\">\n\t\t<div class=\"elementor-element elementor-element-cb19c3f e-con-full e-flex e-con e-child\" data-id=\"cb19c3f\" data-element_type=\"container\">\n\t\t\t\t<div class=\"elementor-element elementor-element-d1b4cdc e-n-tabs-mobile elementor-widget elementor-widget-n-tabs\" data-id=\"d1b4cdc\" data-element_type=\"widget\" data-settings=\"{&quot;horizontal_scroll&quot;:&quot;disable&quot;}\" data-widget_type=\"nested-tabs.default\">\n\t\t\t\t<div class=\"elementor-widget-container\">\n\t\t\t\t\t\t\t<div class=\"e-n-tabs\" data-widget-number=\"219892956\" aria-label=\"Tabs. Open items with Enter or Space, close with Escape and navigate using the Arrow keys.\" data-no-translation-aria-label=\"\">\n\t\t\t<div class=\"e-n-tabs-heading\" role=\"tablist\">\n\t\t\t\t\t<button id=\"e-n-tab-title-2198929561\" class=\"e-n-tab-title\" aria-selected=\"true\" data-tab-index=\"1\" role=\"tab\" tabindex=\"0\" aria-controls=\"e-n-tab-content-2198929561\" style=\"--n-tabs-title-order: 1;\">\n\t\t\t\t\t\t<span class=\"e-n-tab-title-text\">\n\t\t\t\tUne approche ancr\u00e9e dans le r\u00e9el\t\t\t<\/span>\n\t\t<\/button>\n\t\t\t\t<button id=\"e-n-tab-title-2198929562\" class=\"e-n-tab-title\" aria-selected=\"false\" data-tab-index=\"2\" role=\"tab\" tabindex=\"-1\" aria-controls=\"e-n-tab-content-2198929562\" style=\"--n-tabs-title-order: 2;\">\n\t\t\t\t\t\t<span class=\"e-n-tab-title-text\">\n\t\t\t\tOuvrir l\u2019\u00e9cosyst\u00e8me, activer les synergies\t\t\t<\/span>\n\t\t<\/button>\n\t\t\t\t<button id=\"e-n-tab-title-2198929563\" class=\"e-n-tab-title\" aria-selected=\"false\" data-tab-index=\"3\" role=\"tab\" tabindex=\"-1\" aria-controls=\"e-n-tab-content-2198929563\" style=\"--n-tabs-title-order: 3;\">\n\t\t\t\t\t\t<span class=\"e-n-tab-title-text\">\n\t\t\t\tUne vision int\u00e9gr\u00e9e et \u00e9volutive\t\t\t<\/span>\n\t\t<\/button>\n\t\t\t\t\t<\/div>\n\t\t\t<div class=\"e-n-tabs-content\">\n\t\t\t\t<div id=\"e-n-tab-content-2198929561\" role=\"tabpanel\" aria-labelledby=\"e-n-tab-title-2198929561\" data-tab-index=\"1\" style=\"--n-tabs-title-order: 1;\" class=\"e-active elementor-element elementor-element-a6eeb3f e-con-full e-flex e-con e-child\" data-id=\"a6eeb3f\" data-element_type=\"container\" data-settings=\"{&quot;background_background&quot;:&quot;classic&quot;}\">\n\t\t\t\t<div class=\"elementor-element elementor-element-634f082 elementor-widget elementor-widget-text-editor\" data-id=\"634f082\" data-element_type=\"widget\" data-widget_type=\"text-editor.default\">\n\t\t\t\t<div class=\"elementor-widget-container\">\n\t\t\t\t\t\t\t\t\t<p>Notre engagement s\u2019enracine dans les actions concr\u00e8tes d\u00e9j\u00e0 amorc\u00e9es. \u00c0 travers la plateforme <strong>Massary<\/strong> \u2013 qui proposera tr\u00e8s prochainement des contenus enrichis sur les <strong>m\u00e9tiers d\u2019avenir<\/strong> et les <strong>secteurs porteurs<\/strong> \u2013 nous encourageons les jeunes \u00e0 mieux comprendre leur environnement professionnel et \u00e0 rep\u00e9rer les opportunit\u00e9s \u00e0 fort potentiel.<\/p><p>Notre objectif : faire \u00e9merger une culture de l\u2019entrepreneuriat, d\u00e8s le stade de l\u2019orientation.<\/p>\t\t\t\t\t\t\t\t<\/div>\n\t\t\t\t<\/div>\n\t\t\t\t<\/div>\n\t\t<div id=\"e-n-tab-content-2198929562\" role=\"tabpanel\" aria-labelledby=\"e-n-tab-title-2198929562\" data-tab-index=\"2\" style=\"--n-tabs-title-order: 2;\" class=\"elementor-element elementor-element-b4cd278 e-con-full e-flex e-con e-child\" data-id=\"b4cd278\" data-element_type=\"container\" data-settings=\"{&quot;background_background&quot;:&quot;classic&quot;}\">\n\t\t\t\t<div class=\"elementor-element elementor-element-f38685a elementor-widget elementor-widget-text-editor\" data-id=\"f38685a\" data-element_type=\"widget\" data-widget_type=\"text-editor.default\">\n\t\t\t\t<div class=\"elementor-widget-container\">\n\t\t\t\t\t\t\t\t\t<p>Nos <strong>\u00e9v\u00e9nements d\u00e9di\u00e9s \u00e0 l\u2019orientation<\/strong> int\u00e9greront d\u00e9sormais une dimension forte autour de la cr\u00e9ation d\u2019entreprise. Nous associerons des <strong>entreprises inspirantes<\/strong>, des <strong>startups locales<\/strong>, des <strong>incubateurs<\/strong>, des <strong>structures d\u2019accompagnement<\/strong> et des <strong>experts<\/strong> pour animer des rencontres, des conf\u00e9rences et des ateliers cibl\u00e9s. Ces espaces seront pens\u00e9s comme des <strong>lieux d\u2019inspiration et de connexion<\/strong>, pour celles et ceux qui veulent oser.<\/p>\t\t\t\t\t\t\t\t<\/div>\n\t\t\t\t<\/div>\n\t\t\t\t<\/div>\n\t\t<div id=\"e-n-tab-content-2198929563\" role=\"tabpanel\" aria-labelledby=\"e-n-tab-title-2198929563\" data-tab-index=\"3\" style=\"--n-tabs-title-order: 3;\" class=\"elementor-element elementor-element-9de3071 e-con-full e-flex e-con e-child\" data-id=\"9de3071\" data-element_type=\"container\">\n\t\t\t\t<div class=\"elementor-element elementor-element-c45f77a elementor-widget elementor-widget-text-editor\" data-id=\"c45f77a\" data-element_type=\"widget\" data-widget_type=\"text-editor.default\">\n\t\t\t\t<div class=\"elementor-widget-container\">\n\t\t\t\t\t\t\t\t\t<p>L\u2019ambition de Maghreb Al Ghad est de b\u00e2tir un <strong>parcours complet<\/strong>, allant de la d\u00e9couverte des m\u00e9tiers \u00e0 la concr\u00e9tisation d\u2019un projet entrepreneurial. En cultivant l\u2019esprit d\u2019initiative, en rendant visibles des trajectoires inspirantes, en favorisant l\u2019\u00e9mergence de solutions adapt\u00e9es aux r\u00e9alit\u00e9s locales, nous voulons <strong>accompagner une jeunesse actrice, confiante et cr\u00e9ative<\/strong>.<\/p>\t\t\t\t\t\t\t\t<\/div>\n\t\t\t\t<\/div>\n\t\t\t\t<\/div>\n\t\t\t\t\t<\/div>\n\t\t<\/div>\n\t\t\t\t\t\t<\/div>\n\t\t\t\t<\/div>\n\t\t\t\t<\/div>\n\t\t\t\t\t<\/div>\n\t\t\t\t<\/div>\n\t\t\t\t<\/div>","protected":false},"excerpt":{"rendered":"<p>ENTREPRENEURIAT &amp; INNOVATION R\u00e9v\u00e9ler le potentiel des jeunes, faire \u00e9clore des projets Chez Maghreb Al Ghad, nous croyons en une jeunesse qui ne se contente pas de chercher sa place en entreprise, mais qui cr\u00e9e la sienne. L\u2019entrepreneuriat n\u2019est pas un plan B : c\u2019est une voie d\u2019avenir, un moteur de croissance et un levier [&hellip;]<\/p>","protected":false},"author":1,"featured_media":0,"parent":0,"menu_order":0,"comment_status":"closed","ping_status":"closed","template":"","meta":{"footnotes":""},"class_list":["post-3378","page","type-page","status-publish","hentry"],"_links":{"self":[{"href":"https:\/\/maghrebalghad.com\/en\/wp-json\/wp\/v2\/pages\/3378","targetHints":{"allow":["GET"]}}],"collection":[{"href":"https:\/\/maghrebalghad.com\/en\/wp-json\/wp\/v2\/pages"}],"about":[{"href":"https:\/\/maghrebalghad.com\/en\/wp-json\/wp\/v2\/types\/page"}],"author":[{"embeddable":true,"href":"https:\/\/maghrebalghad.com\/en\/wp-json\/wp\/v2\/users\/1"}],"replies":[{"embeddable":true,"href":"https:\/\/maghrebalghad.com\/en\/wp-json\/wp\/v2\/comments?post=3378"}],"version-history":[{"count":22,"href":"https:\/\/maghrebalghad.com\/en\/wp-json\/wp\/v2\/pages\/3378\/revisions"}],"predecessor-version":[{"id":3478,"href":"https:\/\/maghrebalghad.com\/en\/wp-json\/wp\/v2\/pages\/3378\/revisions\/3478"}],"wp:attachment":[{"href":"https:\/\/maghrebalghad.com\/en\/wp-json\/wp\/v2\/media?parent=3378"}],"curies":[{"name":"wp","href":"https:\/\/api.w.org\/{rel}","templated":true}]}}