{"id":3399,"date":"2025-06-28T00:10:05","date_gmt":"2025-06-27T22:10:05","guid":{"rendered":"https:\/\/maghrebalghad.com\/?page_id=3399"},"modified":"2025-08-01T17:34:11","modified_gmt":"2025-08-01T15:34:11","slug":"tourisme","status":"publish","type":"page","link":"https:\/\/maghrebalghad.com\/en\/tourisme\/","title":{"rendered":"TOURISM"},"content":{"rendered":"<div data-elementor-type=\"wp-page\" data-elementor-id=\"3399\" class=\"elementor elementor-3399\">\n\t\t\t\t<div class=\"elementor-element elementor-element-b76d00b e-flex e-con-boxed e-con e-parent\" data-id=\"b76d00b\" data-element_type=\"container\" data-settings=\"{&quot;background_background&quot;:&quot;classic&quot;}\">\n\t\t\t\t\t<div class=\"e-con-inner\">\n\t\t\t\t\t<\/div>\n\t\t\t\t<\/div>\n\t\t<div class=\"elementor-element elementor-element-cebb3b6 e-flex e-con-boxed e-con e-parent\" data-id=\"cebb3b6\" data-element_type=\"container\" data-settings=\"{&quot;background_background&quot;:&quot;classic&quot;}\">\n\t\t\t\t\t<div class=\"e-con-inner\">\n\t\t\t\t<div class=\"elementor-element elementor-element-5200d19 elementor-widget elementor-widget-heading\" data-id=\"5200d19\" data-element_type=\"widget\" data-widget_type=\"heading.default\">\n\t\t\t\t<div class=\"elementor-widget-container\">\n\t\t\t\t\t<h2 class=\"elementor-heading-title elementor-size-default\">TOURISM <\/h2>\t\t\t\t<\/div>\n\t\t\t\t<\/div>\n\t\t\t\t\t<\/div>\n\t\t\t\t<\/div>\n\t\t<div class=\"elementor-element elementor-element-96ae161 e-flex e-con-boxed e-con e-parent\" data-id=\"96ae161\" data-element_type=\"container\" data-settings=\"{&quot;background_background&quot;:&quot;classic&quot;}\">\n\t\t\t\t\t<div class=\"e-con-inner\">\n\t\t<div class=\"elementor-element elementor-element-f67cbfb e-con-full e-flex e-con e-child\" data-id=\"f67cbfb\" data-element_type=\"container\" data-settings=\"{&quot;background_background&quot;:&quot;classic&quot;}\">\n\t\t\t\t<div class=\"elementor-element elementor-element-cfb1c7a elementor-widget elementor-widget-n-accordion\" data-id=\"cfb1c7a\" data-element_type=\"widget\" data-settings=\"{&quot;default_state&quot;:&quot;expanded&quot;,&quot;max_items_expended&quot;:&quot;one&quot;,&quot;n_accordion_animation_duration&quot;:{&quot;unit&quot;:&quot;ms&quot;,&quot;size&quot;:400,&quot;sizes&quot;:[]}}\" data-widget_type=\"nested-accordion.default\">\n\t\t\t\t<div class=\"elementor-widget-container\">\n\t\t\t\t\t\t\t<div class=\"e-n-accordion\" aria-label=\"Accordion. Open links with Enter or Space, close with Escape, and navigate with Arrow Keys\">\n\t\t\t\t\t\t<details id=\"e-n-accordion-item-2170\" class=\"e-n-accordion-item\" open>\n\t\t\t\t<summary class=\"e-n-accordion-item-title\" data-accordion-index=\"1\" tabindex=\"0\" aria-expanded=\"true\" aria-controls=\"e-n-accordion-item-2170\" >\n\t\t\t\t\t<span class='e-n-accordion-item-title-header'><div class=\"e-n-accordion-item-title-text\"> R\u00e9v\u00e9ler le potentiel des jeunes, faire \u00e9clore des projets <\/div><\/span>\n\t\t\t\t\t\t\t<span class='e-n-accordion-item-title-icon'>\n\t\t\t<span class='e-opened' ><svg aria-hidden=\"true\" class=\"e-font-icon-svg e-fas-minus\" viewbox=\"0 0 448 512\" xmlns=\"http:\/\/www.w3.org\/2000\/svg\"><path d=\"M416 208H32c-17.67 0-32 14.33-32 32v32c0 17.67 14.33 32 32 32h384c17.67 0 32-14.33 32-32v-32c0-17.67-14.33-32-32-32z\"><\/path><\/svg><\/span>\n\t\t\t<span class='e-closed'><svg aria-hidden=\"true\" class=\"e-font-icon-svg e-fas-plus\" viewbox=\"0 0 448 512\" xmlns=\"http:\/\/www.w3.org\/2000\/svg\"><path d=\"M416 208H272V64c0-17.67-14.33-32-32-32h-32c-17.67 0-32 14.33-32 32v144H32c-17.67 0-32 14.33-32 32v32c0 17.67 14.33 32 32 32h144v144c0 17.67 14.33 32 32 32h32c17.67 0 32-14.33 32-32V304h144c17.67 0 32-14.33 32-32v-32c0-17.67-14.33-32-32-32z\"><\/path><\/svg><\/span>\n\t\t<\/span>\n\n\t\t\t\t\t\t<\/summary>\n\t\t\t\t<div role=\"region\" aria-labelledby=\"e-n-accordion-item-2170\" class=\"elementor-element elementor-element-038684e e-con-full e-flex e-con e-child\" data-id=\"038684e\" data-element_type=\"container\">\n\t\t\t\t<div class=\"elementor-element elementor-element-b6f348d elementor-widget elementor-widget-text-editor\" data-id=\"b6f348d\" data-element_type=\"widget\" data-widget_type=\"text-editor.default\">\n\t\t\t\t<div class=\"elementor-widget-container\">\n\t\t\t\t\t\t\t\t\t<p>Plus qu\u2019un secteur d\u2019activit\u00e9, <strong>le tourisme est un levier d\u2019influence, un vecteur de rayonnement et un marqueur d\u2019identit\u00e9.<\/strong> Le Maroc, avec la richesse de ses paysages, la profondeur de son histoire et la singularit\u00e9 de son art de vivre, dispose de tous les atouts pour s\u00e9duire, surprendre et f\u00e9d\u00e9rer.<\/p><p><strong>Maghreb Al Ghad<\/strong> entend faire de la promotion touristique un chantier strat\u00e9gique, o\u00f9 l\u2019image du pays devient un puissant outil au service de la mise en valeur et de l\u2019attractivit\u00e9 des territoires.<\/p>\t\t\t\t\t\t\t\t<\/div>\n\t\t\t\t<\/div>\n\t\t\t\t<\/div>\n\t\t\t\t\t<\/details>\n\t\t\t\t\t\t<details id=\"e-n-accordion-item-2171\" class=\"e-n-accordion-item\" >\n\t\t\t\t<summary class=\"e-n-accordion-item-title\" data-accordion-index=\"2\" tabindex=\"-1\" aria-expanded=\"false\" aria-controls=\"e-n-accordion-item-2171\" >\n\t\t\t\t\t<span class='e-n-accordion-item-title-header'><div class=\"e-n-accordion-item-title-text\"> Quand l\u2019image devient une strat\u00e9gie <\/div><\/span>\n\t\t\t\t\t\t\t<span class='e-n-accordion-item-title-icon'>\n\t\t\t<span class='e-opened' ><svg aria-hidden=\"true\" class=\"e-font-icon-svg e-fas-minus\" viewbox=\"0 0 448 512\" xmlns=\"http:\/\/www.w3.org\/2000\/svg\"><path d=\"M416 208H32c-17.67 0-32 14.33-32 32v32c0 17.67 14.33 32 32 32h384c17.67 0 32-14.33 32-32v-32c0-17.67-14.33-32-32-32z\"><\/path><\/svg><\/span>\n\t\t\t<span class='e-closed'><svg aria-hidden=\"true\" class=\"e-font-icon-svg e-fas-plus\" viewbox=\"0 0 448 512\" xmlns=\"http:\/\/www.w3.org\/2000\/svg\"><path d=\"M416 208H272V64c0-17.67-14.33-32-32-32h-32c-17.67 0-32 14.33-32 32v144H32c-17.67 0-32 14.33-32 32v32c0 17.67 14.33 32 32 32h144v144c0 17.67 14.33 32 32 32h32c17.67 0 32-14.33 32-32V304h144c17.67 0 32-14.33 32-32v-32c0-17.67-14.33-32-32-32z\"><\/path><\/svg><\/span>\n\t\t<\/span>\n\n\t\t\t\t\t\t<\/summary>\n\t\t\t\t<div role=\"region\" aria-labelledby=\"e-n-accordion-item-2171\" class=\"elementor-element elementor-element-bae9bee e-con-full e-flex e-con e-child\" data-id=\"bae9bee\" data-element_type=\"container\">\n\t\t\t\t<div class=\"elementor-element elementor-element-3e06d4d elementor-widget elementor-widget-text-editor\" data-id=\"3e06d4d\" data-element_type=\"widget\" data-widget_type=\"text-editor.default\">\n\t\t\t\t<div class=\"elementor-widget-container\">\n\t\t\t\t\t\t\t\t\t<p>Nous nourrissons une ambition forte : inscrire durablement le Maroc dans l\u2019imaginaire collectif mondial \u00e0 travers des campagnes de visibilit\u00e9 puissantes, d\u00e9ploy\u00e9es dans des lieux embl\u00e9matiques tels que Times Square, la Tour Eiffel ou encore Burj Khalifa.<br \/>Ces actions, en pr\u00e9paration, visent \u00e0 <strong>faire rayonner une image moderne, inspirante et plurielle du Royaume<\/strong>, \u00e0 la crois\u00e9e du patrimoine et de l\u2019innovation. Il s\u2019agit de faire \u00e9merger un storytelling f\u00e9d\u00e9rateur, capable de capter l\u2019attention, d\u2019\u00e9veiller la curiosit\u00e9 et de renforcer le d\u00e9sir de visiter.<\/p>\t\t\t\t\t\t\t\t<\/div>\n\t\t\t\t<\/div>\n\t\t\t\t<\/div>\n\t\t\t\t\t<\/details>\n\t\t\t\t\t\t<details id=\"e-n-accordion-item-2172\" class=\"e-n-accordion-item\" >\n\t\t\t\t<summary class=\"e-n-accordion-item-title\" data-accordion-index=\"3\" tabindex=\"-1\" aria-expanded=\"false\" aria-controls=\"e-n-accordion-item-2172\" >\n\t\t\t\t\t<span class='e-n-accordion-item-title-header'><div class=\"e-n-accordion-item-title-text\"> Les r\u00e9gions, vitrines du Maroc d\u2019aujourd\u2019hui <\/div><\/span>\n\t\t\t\t\t\t\t<span class='e-n-accordion-item-title-icon'>\n\t\t\t<span class='e-opened' ><svg aria-hidden=\"true\" class=\"e-font-icon-svg e-fas-minus\" viewbox=\"0 0 448 512\" xmlns=\"http:\/\/www.w3.org\/2000\/svg\"><path d=\"M416 208H32c-17.67 0-32 14.33-32 32v32c0 17.67 14.33 32 32 32h384c17.67 0 32-14.33 32-32v-32c0-17.67-14.33-32-32-32z\"><\/path><\/svg><\/span>\n\t\t\t<span class='e-closed'><svg aria-hidden=\"true\" class=\"e-font-icon-svg e-fas-plus\" viewbox=\"0 0 448 512\" xmlns=\"http:\/\/www.w3.org\/2000\/svg\"><path d=\"M416 208H272V64c0-17.67-14.33-32-32-32h-32c-17.67 0-32 14.33-32 32v144H32c-17.67 0-32 14.33-32 32v32c0 17.67 14.33 32 32 32h144v144c0 17.67 14.33 32 32 32h32c17.67 0 32-14.33 32-32V304h144c17.67 0 32-14.33 32-32v-32c0-17.67-14.33-32-32-32z\"><\/path><\/svg><\/span>\n\t\t<\/span>\n\n\t\t\t\t\t\t<\/summary>\n\t\t\t\t<div role=\"region\" aria-labelledby=\"e-n-accordion-item-2172\" class=\"elementor-element elementor-element-70b96d9 e-con-full e-flex e-con e-child\" data-id=\"70b96d9\" data-element_type=\"container\">\n\t\t\t\t<div class=\"elementor-element elementor-element-e480b34 elementor-widget elementor-widget-text-editor\" data-id=\"e480b34\" data-element_type=\"widget\" data-widget_type=\"text-editor.default\">\n\t\t\t\t<div class=\"elementor-widget-container\">\n\t\t\t\t\t\t\t\t\t<p>Notre d\u00e9marche touristique repose sur une conviction : ce sont les territoires qui incarnent le mieux l\u2019\u00e2me du pays. Valoriser le Maroc, c\u2019est <strong>mettre en lumi\u00e8re la diversit\u00e9 de ses r\u00e9gions, la richesse de ses savoir-faire et l\u2019authenticit\u00e9 de ses cultures locales. <\/strong>Nous promouvons une vision du tourisme enracin\u00e9e, inclusive, durable, qui donne la parole aux habitants et fait des r\u00e9gions les v\u00e9ritables ambassadrices du Maroc d\u2019aujourd\u2019hui \u2014 un Maroc \u00e0 vivre et \u00e0 ressentir.<\/p>\t\t\t\t\t\t\t\t<\/div>\n\t\t\t\t<\/div>\n\t\t\t\t<\/div>\n\t\t\t\t\t<\/details>\n\t\t\t\t\t\t<details id=\"e-n-accordion-item-2173\" class=\"e-n-accordion-item\" >\n\t\t\t\t<summary class=\"e-n-accordion-item-title\" data-accordion-index=\"4\" tabindex=\"-1\" aria-expanded=\"false\" aria-controls=\"e-n-accordion-item-2173\" >\n\t\t\t\t\t<span class='e-n-accordion-item-title-header'><div class=\"e-n-accordion-item-title-text\"> Une dynamique collective \u00e0 initier <\/div><\/span>\n\t\t\t\t\t\t\t<span class='e-n-accordion-item-title-icon'>\n\t\t\t<span class='e-opened' ><svg aria-hidden=\"true\" class=\"e-font-icon-svg e-fas-minus\" viewbox=\"0 0 448 512\" xmlns=\"http:\/\/www.w3.org\/2000\/svg\"><path d=\"M416 208H32c-17.67 0-32 14.33-32 32v32c0 17.67 14.33 32 32 32h384c17.67 0 32-14.33 32-32v-32c0-17.67-14.33-32-32-32z\"><\/path><\/svg><\/span>\n\t\t\t<span class='e-closed'><svg aria-hidden=\"true\" class=\"e-font-icon-svg e-fas-plus\" viewbox=\"0 0 448 512\" xmlns=\"http:\/\/www.w3.org\/2000\/svg\"><path d=\"M416 208H272V64c0-17.67-14.33-32-32-32h-32c-17.67 0-32 14.33-32 32v144H32c-17.67 0-32 14.33-32 32v32c0 17.67 14.33 32 32 32h144v144c0 17.67 14.33 32 32 32h32c17.67 0 32-14.33 32-32V304h144c17.67 0 32-14.33 32-32v-32c0-17.67-14.33-32-32-32z\"><\/path><\/svg><\/span>\n\t\t<\/span>\n\n\t\t\t\t\t\t<\/summary>\n\t\t\t\t<div role=\"region\" aria-labelledby=\"e-n-accordion-item-2173\" class=\"elementor-element elementor-element-37bc1a1 e-con-full e-flex e-con e-child\" data-id=\"37bc1a1\" data-element_type=\"container\">\n\t\t\t\t<div class=\"elementor-element elementor-element-b749f44 elementor-widget elementor-widget-text-editor\" data-id=\"b749f44\" data-element_type=\"widget\" data-widget_type=\"text-editor.default\">\n\t\t\t\t<div class=\"elementor-widget-container\">\n\t\t\t\t\t\t\t\t\t<p>Pour concr\u00e9tiser cette vision ambitieuse, Maghreb Al Ghad souhaite mobiliser tous les acteurs concern\u00e9s : institutions publiques, entreprises, op\u00e9rateurs du secteur, talents de la cr\u00e9ation et de la communication. Au c\u0153ur de nos projets : des \u00e9v\u00e9nements de grande envergure, des campagnes collaboratives et des espaces d\u2019\u00e9change o\u00f9 le tourisme devient une cause nationale. Car <strong>promouvoir la destination Maroc, c\u2019est aussi construire un \u00e9lan collectif<\/strong>, o\u00f9 chacun trouve sa place pour porter plus loin les couleurs du Royaume.<\/p>\t\t\t\t\t\t\t\t<\/div>\n\t\t\t\t<\/div>\n\t\t\t\t<\/div>\n\t\t\t\t\t<\/details>\n\t\t\t\t\t<\/div>\n\t\t\t\t\t\t<\/div>\n\t\t\t\t<\/div>\n\t\t\t\t<\/div>\n\t\t\t\t\t<\/div>\n\t\t\t\t<\/div>\n\t\t\t\t<\/div>","protected":false},"excerpt":{"rendered":"<p>TOURISME R\u00e9v\u00e9ler le potentiel des jeunes, faire \u00e9clore des projets Plus qu\u2019un secteur d\u2019activit\u00e9, le tourisme est un levier d\u2019influence, un vecteur de rayonnement et un marqueur d\u2019identit\u00e9. Le Maroc, avec la richesse de ses paysages, la profondeur de son histoire et la singularit\u00e9 de son art de vivre, dispose de tous les atouts pour [&hellip;]<\/p>","protected":false},"author":1,"featured_media":0,"parent":0,"menu_order":0,"comment_status":"closed","ping_status":"closed","template":"","meta":{"footnotes":""},"class_list":["post-3399","page","type-page","status-publish","hentry"],"_links":{"self":[{"href":"https:\/\/maghrebalghad.com\/en\/wp-json\/wp\/v2\/pages\/3399","targetHints":{"allow":["GET"]}}],"collection":[{"href":"https:\/\/maghrebalghad.com\/en\/wp-json\/wp\/v2\/pages"}],"about":[{"href":"https:\/\/maghrebalghad.com\/en\/wp-json\/wp\/v2\/types\/page"}],"author":[{"embeddable":true,"href":"https:\/\/maghrebalghad.com\/en\/wp-json\/wp\/v2\/users\/1"}],"replies":[{"embeddable":true,"href":"https:\/\/maghrebalghad.com\/en\/wp-json\/wp\/v2\/comments?post=3399"}],"version-history":[{"count":22,"href":"https:\/\/maghrebalghad.com\/en\/wp-json\/wp\/v2\/pages\/3399\/revisions"}],"predecessor-version":[{"id":3490,"href":"https:\/\/maghrebalghad.com\/en\/wp-json\/wp\/v2\/pages\/3399\/revisions\/3490"}],"wp:attachment":[{"href":"https:\/\/maghrebalghad.com\/en\/wp-json\/wp\/v2\/media?parent=3399"}],"curies":[{"name":"wp","href":"https:\/\/api.w.org\/{rel}","templated":true}]}}