{"id":3439,"date":"2025-07-24T22:51:22","date_gmt":"2025-07-24T20:51:22","guid":{"rendered":"https:\/\/maghrebalghad.com\/?page_id=3439"},"modified":"2025-07-31T17:24:00","modified_gmt":"2025-07-31T15:24:00","slug":"ecologie-developpement-durable","status":"publish","type":"page","link":"https:\/\/maghrebalghad.com\/en\/ecologie-developpement-durable\/","title":{"rendered":"\u00c9cologie &amp; D\u00e9veloppement durable"},"content":{"rendered":"<div data-elementor-type=\"wp-page\" data-elementor-id=\"3439\" class=\"elementor elementor-3439\">\n\t\t\t\t<div class=\"elementor-element elementor-element-813898a e-flex e-con-boxed e-con e-parent\" data-id=\"813898a\" data-element_type=\"container\" data-settings=\"{&quot;background_background&quot;:&quot;classic&quot;}\">\n\t\t\t\t\t<div class=\"e-con-inner\">\n\t\t\t\t\t<\/div>\n\t\t\t\t<\/div>\n\t\t<div class=\"elementor-element elementor-element-8b8c8e7 e-flex e-con-boxed e-con e-parent\" data-id=\"8b8c8e7\" data-element_type=\"container\" data-settings=\"{&quot;background_background&quot;:&quot;classic&quot;}\">\n\t\t\t\t\t<div class=\"e-con-inner\">\n\t\t\t\t<div class=\"elementor-element elementor-element-b57a0bd elementor-widget elementor-widget-heading\" data-id=\"b57a0bd\" data-element_type=\"widget\" data-widget_type=\"heading.default\">\n\t\t\t\t<div class=\"elementor-widget-container\">\n\t\t\t\t\t<h2 class=\"elementor-heading-title elementor-size-default\">\u00c9COLOGIE &amp; DEVELOPPEMENT DURABLE<\/h2>\t\t\t\t<\/div>\n\t\t\t\t<\/div>\n\t\t\t\t\t<\/div>\n\t\t\t\t<\/div>\n\t\t<div class=\"elementor-element elementor-element-14b7d1e e-flex e-con-boxed e-con e-parent\" data-id=\"14b7d1e\" data-element_type=\"container\" data-settings=\"{&quot;background_background&quot;:&quot;classic&quot;}\">\n\t\t\t\t\t<div class=\"e-con-inner\">\n\t\t<div class=\"elementor-element elementor-element-ce5b1d6 e-con-full e-flex e-con e-child\" data-id=\"ce5b1d6\" data-element_type=\"container\" data-settings=\"{&quot;background_background&quot;:&quot;classic&quot;}\">\n\t\t\t\t<div class=\"elementor-element elementor-element-f226ca5 elementor-widget elementor-widget-n-accordion\" data-id=\"f226ca5\" data-element_type=\"widget\" data-settings=\"{&quot;default_state&quot;:&quot;expanded&quot;,&quot;max_items_expended&quot;:&quot;one&quot;,&quot;n_accordion_animation_duration&quot;:{&quot;unit&quot;:&quot;ms&quot;,&quot;size&quot;:400,&quot;sizes&quot;:[]}}\" data-widget_type=\"nested-accordion.default\">\n\t\t\t\t<div class=\"elementor-widget-container\">\n\t\t\t\t\t\t\t<div class=\"e-n-accordion\" aria-label=\"Accordion. Open links with Enter or Space, close with Escape, and navigate with Arrow Keys\">\n\t\t\t\t\t\t<details id=\"e-n-accordion-item-2530\" class=\"e-n-accordion-item\" open>\n\t\t\t\t<summary class=\"e-n-accordion-item-title\" data-accordion-index=\"1\" tabindex=\"0\" aria-expanded=\"true\" aria-controls=\"e-n-accordion-item-2530\" >\n\t\t\t\t\t<span class='e-n-accordion-item-title-header'><div class=\"e-n-accordion-item-title-text\"> Agir aujourd'hui pour un futur durable <\/div><\/span>\n\t\t\t\t\t\t\t<span class='e-n-accordion-item-title-icon'>\n\t\t\t<span class='e-opened' ><svg aria-hidden=\"true\" class=\"e-font-icon-svg e-fas-minus\" viewbox=\"0 0 448 512\" xmlns=\"http:\/\/www.w3.org\/2000\/svg\"><path d=\"M416 208H32c-17.67 0-32 14.33-32 32v32c0 17.67 14.33 32 32 32h384c17.67 0 32-14.33 32-32v-32c0-17.67-14.33-32-32-32z\"><\/path><\/svg><\/span>\n\t\t\t<span class='e-closed'><svg aria-hidden=\"true\" class=\"e-font-icon-svg e-fas-plus\" viewbox=\"0 0 448 512\" xmlns=\"http:\/\/www.w3.org\/2000\/svg\"><path d=\"M416 208H272V64c0-17.67-14.33-32-32-32h-32c-17.67 0-32 14.33-32 32v144H32c-17.67 0-32 14.33-32 32v32c0 17.67 14.33 32 32 32h144v144c0 17.67 14.33 32 32 32h32c17.67 0 32-14.33 32-32V304h144c17.67 0 32-14.33 32-32v-32c0-17.67-14.33-32-32-32z\"><\/path><\/svg><\/span>\n\t\t<\/span>\n\n\t\t\t\t\t\t<\/summary>\n\t\t\t\t<div role=\"region\" aria-labelledby=\"e-n-accordion-item-2530\" class=\"elementor-element elementor-element-1c21a24 e-con-full e-flex e-con e-child\" data-id=\"1c21a24\" data-element_type=\"container\">\n\t\t\t\t<div class=\"elementor-element elementor-element-84516ed elementor-widget elementor-widget-text-editor\" data-id=\"84516ed\" data-element_type=\"widget\" data-widget_type=\"text-editor.default\">\n\t\t\t\t<div class=\"elementor-widget-container\">\n\t\t\t\t\t\t\t\t\t<p>Face aux enjeux environnementaux croissants, <strong>Maghreb Al Ghad<\/strong> \u0153uvre pour la diffusion d\u2019une culture \u00e9cologique, en particulier aupr\u00e8s des jeunes g\u00e9n\u00e9rations. Convaincus que l\u2019\u00e9ducation et la sensibilisation sont les premi\u00e8res \u00e9tapes vers un avenir durable, nous concentrons nos efforts sur des actions concr\u00e8tes qui favorisent la prise de conscience et la participation active des citoyens dans la transition \u00e9cologique.<\/p>\t\t\t\t\t\t\t\t<\/div>\n\t\t\t\t<\/div>\n\t\t\t\t<\/div>\n\t\t\t\t\t<\/details>\n\t\t\t\t\t\t<details id=\"e-n-accordion-item-2531\" class=\"e-n-accordion-item\" >\n\t\t\t\t<summary class=\"e-n-accordion-item-title\" data-accordion-index=\"2\" tabindex=\"-1\" aria-expanded=\"false\" aria-controls=\"e-n-accordion-item-2531\" >\n\t\t\t\t\t<span class='e-n-accordion-item-title-header'><div class=\"e-n-accordion-item-title-text\"> Diffusion de la culture \u00e9co-citoyenne aupr\u00e8s des jeunes <\/div><\/span>\n\t\t\t\t\t\t\t<span class='e-n-accordion-item-title-icon'>\n\t\t\t<span class='e-opened' ><svg aria-hidden=\"true\" class=\"e-font-icon-svg e-fas-minus\" viewbox=\"0 0 448 512\" xmlns=\"http:\/\/www.w3.org\/2000\/svg\"><path d=\"M416 208H32c-17.67 0-32 14.33-32 32v32c0 17.67 14.33 32 32 32h384c17.67 0 32-14.33 32-32v-32c0-17.67-14.33-32-32-32z\"><\/path><\/svg><\/span>\n\t\t\t<span class='e-closed'><svg aria-hidden=\"true\" class=\"e-font-icon-svg e-fas-plus\" viewbox=\"0 0 448 512\" xmlns=\"http:\/\/www.w3.org\/2000\/svg\"><path d=\"M416 208H272V64c0-17.67-14.33-32-32-32h-32c-17.67 0-32 14.33-32 32v144H32c-17.67 0-32 14.33-32 32v32c0 17.67 14.33 32 32 32h144v144c0 17.67 14.33 32 32 32h32c17.67 0 32-14.33 32-32V304h144c17.67 0 32-14.33 32-32v-32c0-17.67-14.33-32-32-32z\"><\/path><\/svg><\/span>\n\t\t<\/span>\n\n\t\t\t\t\t\t<\/summary>\n\t\t\t\t<div role=\"region\" aria-labelledby=\"e-n-accordion-item-2531\" class=\"elementor-element elementor-element-c79bd4b e-con-full e-flex e-con e-child\" data-id=\"c79bd4b\" data-element_type=\"container\">\n\t\t\t\t<div class=\"elementor-element elementor-element-d43bab2 elementor-widget elementor-widget-text-editor\" data-id=\"d43bab2\" data-element_type=\"widget\" data-widget_type=\"text-editor.default\">\n\t\t\t\t<div class=\"elementor-widget-container\">\n\t\t\t\t\t\t\t\t\t<p>L&rsquo;un des leviers les plus puissants pour faire face aux d\u00e9fis environnementaux est l&rsquo;\u00e9ducation. Maghreb Al Ghad engage <strong>des initiatives destin\u00e9es \u00e0 sensibiliser les jeunes aux enjeux \u00e9cologiques<\/strong>, \u00e0 la protection de l\u2019environnement et aux comportements responsables. \u00c0 travers des programmes \u00e9ducatifs, des ateliers interactifs et des campagnes de sensibilisation, nous souhaitons accompagner les jeunes dans la construction d&rsquo;une conscience \u00e9cologique forte, afin qu\u2019ils deviennent des acteurs du changement dans leur quotidien et dans leurs communaut\u00e9s.<\/p>\t\t\t\t\t\t\t\t<\/div>\n\t\t\t\t<\/div>\n\t\t\t\t<\/div>\n\t\t\t\t\t<\/details>\n\t\t\t\t\t\t<details id=\"e-n-accordion-item-2532\" class=\"e-n-accordion-item\" >\n\t\t\t\t<summary class=\"e-n-accordion-item-title\" data-accordion-index=\"3\" tabindex=\"-1\" aria-expanded=\"false\" aria-controls=\"e-n-accordion-item-2532\" >\n\t\t\t\t\t<span class='e-n-accordion-item-title-header'><div class=\"e-n-accordion-item-title-text\"> Promouvoir les formations sp\u00e9cialis\u00e9es dans le domaine <\/div><\/span>\n\t\t\t\t\t\t\t<span class='e-n-accordion-item-title-icon'>\n\t\t\t<span class='e-opened' ><svg aria-hidden=\"true\" class=\"e-font-icon-svg e-fas-minus\" viewbox=\"0 0 448 512\" xmlns=\"http:\/\/www.w3.org\/2000\/svg\"><path d=\"M416 208H32c-17.67 0-32 14.33-32 32v32c0 17.67 14.33 32 32 32h384c17.67 0 32-14.33 32-32v-32c0-17.67-14.33-32-32-32z\"><\/path><\/svg><\/span>\n\t\t\t<span class='e-closed'><svg aria-hidden=\"true\" class=\"e-font-icon-svg e-fas-plus\" viewbox=\"0 0 448 512\" xmlns=\"http:\/\/www.w3.org\/2000\/svg\"><path d=\"M416 208H272V64c0-17.67-14.33-32-32-32h-32c-17.67 0-32 14.33-32 32v144H32c-17.67 0-32 14.33-32 32v32c0 17.67 14.33 32 32 32h144v144c0 17.67 14.33 32 32 32h32c17.67 0 32-14.33 32-32V304h144c17.67 0 32-14.33 32-32v-32c0-17.67-14.33-32-32-32z\"><\/path><\/svg><\/span>\n\t\t<\/span>\n\n\t\t\t\t\t\t<\/summary>\n\t\t\t\t<div role=\"region\" aria-labelledby=\"e-n-accordion-item-2532\" class=\"elementor-element elementor-element-6aaf3af e-con-full e-flex e-con e-child\" data-id=\"6aaf3af\" data-element_type=\"container\">\n\t\t\t\t<div class=\"elementor-element elementor-element-fab5768 elementor-widget elementor-widget-text-editor\" data-id=\"fab5768\" data-element_type=\"widget\" data-widget_type=\"text-editor.default\">\n\t\t\t\t<div class=\"elementor-widget-container\">\n\t\t\t\t\t\t\t\t\t<p>Maghreb Al Ghad soutient la diffusion de connaissances et de comp\u00e9tences \u00e9cologiques \u00e0 travers la promotion de formations sp\u00e9cialis\u00e9es. Nous \u0153uvrons pour l&rsquo;\u00e9largissement des opportunit\u00e9s de formation dans les domaines des \u00e9nergies renouvelables, de la gestion des ressources naturelles et du d\u00e9veloppement durable. En collaboration avec des institutions acad\u00e9miques et des experts du secteur, notre ambition est de faciliter l&rsquo;acc\u00e8s \u00e0 <strong>des parcours qui permettent aux jeunes et aux professionnels de se pr\u00e9parer aux d\u00e9fis \u00e9cologiques de demain. <\/strong><\/p>\t\t\t\t\t\t\t\t<\/div>\n\t\t\t\t<\/div>\n\t\t\t\t<\/div>\n\t\t\t\t\t<\/details>\n\t\t\t\t\t\t<details id=\"e-n-accordion-item-2533\" class=\"e-n-accordion-item\" >\n\t\t\t\t<summary class=\"e-n-accordion-item-title\" data-accordion-index=\"4\" tabindex=\"-1\" aria-expanded=\"false\" aria-controls=\"e-n-accordion-item-2533\" >\n\t\t\t\t\t<span class='e-n-accordion-item-title-header'><div class=\"e-n-accordion-item-title-text\"> Organisation d'\u00e9v\u00e9nements d\u00e9di\u00e9s \u00e0 l\u2019\u00e9cologie <\/div><\/span>\n\t\t\t\t\t\t\t<span class='e-n-accordion-item-title-icon'>\n\t\t\t<span class='e-opened' ><svg aria-hidden=\"true\" class=\"e-font-icon-svg e-fas-minus\" viewbox=\"0 0 448 512\" xmlns=\"http:\/\/www.w3.org\/2000\/svg\"><path d=\"M416 208H32c-17.67 0-32 14.33-32 32v32c0 17.67 14.33 32 32 32h384c17.67 0 32-14.33 32-32v-32c0-17.67-14.33-32-32-32z\"><\/path><\/svg><\/span>\n\t\t\t<span class='e-closed'><svg aria-hidden=\"true\" class=\"e-font-icon-svg e-fas-plus\" viewbox=\"0 0 448 512\" xmlns=\"http:\/\/www.w3.org\/2000\/svg\"><path d=\"M416 208H272V64c0-17.67-14.33-32-32-32h-32c-17.67 0-32 14.33-32 32v144H32c-17.67 0-32 14.33-32 32v32c0 17.67 14.33 32 32 32h144v144c0 17.67 14.33 32 32 32h32c17.67 0 32-14.33 32-32V304h144c17.67 0 32-14.33 32-32v-32c0-17.67-14.33-32-32-32z\"><\/path><\/svg><\/span>\n\t\t<\/span>\n\n\t\t\t\t\t\t<\/summary>\n\t\t\t\t<div role=\"region\" aria-labelledby=\"e-n-accordion-item-2533\" class=\"elementor-element elementor-element-a3030c6 e-con-full e-flex e-con e-child\" data-id=\"a3030c6\" data-element_type=\"container\">\n\t\t\t\t<div class=\"elementor-element elementor-element-371440d elementor-widget elementor-widget-text-editor\" data-id=\"371440d\" data-element_type=\"widget\" data-widget_type=\"text-editor.default\">\n\t\t\t\t<div class=\"elementor-widget-container\">\n\t\t\t\t\t\t\t\t\t<p><span style=\"font-weight: 400;\">Pour aller au-del\u00e0 de la simple sensibilisation, nous souhaitons organiser <\/span><b>des \u00e9v\u00e9nements et des salons consacr\u00e9s \u00e0 l\u2019\u00e9cologie et au d\u00e9veloppement durable.<\/b><span style=\"font-weight: 400;\"> Ces \u00e9v\u00e9nements r\u00e9uniront des experts, des institutions, des entreprises et des centres de formation sp\u00e9cialis\u00e9s pour \u00e9changer sur les pratiques \u00e9cologiques, d\u00e9couvrir des solutions innovantes et partager des initiatives locales. L\u2019objectif est de cr\u00e9er des espaces de r\u00e9flexion et d\u2019action, en encourageant la participation active et l\u2019engagement de tous les acteurs de cet \u00e9cosyst\u00e8me.<\/span><\/p>\t\t\t\t\t\t\t\t<\/div>\n\t\t\t\t<\/div>\n\t\t\t\t<\/div>\n\t\t\t\t\t<\/details>\n\t\t\t\t\t<\/div>\n\t\t\t\t\t\t<\/div>\n\t\t\t\t<\/div>\n\t\t\t\t<\/div>\n\t\t\t\t\t<\/div>\n\t\t\t\t<\/div>\n\t\t\t\t<\/div>","protected":false},"excerpt":{"rendered":"<p>\u00c9COLOGIE &amp; DEVELOPPEMENT DURABLE Agir aujourd&rsquo;hui pour un futur durable Face aux enjeux environnementaux croissants, Maghreb Al Ghad \u0153uvre pour la diffusion d\u2019une culture \u00e9cologique, en particulier aupr\u00e8s des jeunes g\u00e9n\u00e9rations. Convaincus que l\u2019\u00e9ducation et la sensibilisation sont les premi\u00e8res \u00e9tapes vers un avenir durable, nous concentrons nos efforts sur des actions concr\u00e8tes qui favorisent [&hellip;]<\/p>","protected":false},"author":1,"featured_media":0,"parent":0,"menu_order":0,"comment_status":"closed","ping_status":"closed","template":"","meta":{"footnotes":""},"class_list":["post-3439","page","type-page","status-publish","hentry"],"_links":{"self":[{"href":"https:\/\/maghrebalghad.com\/en\/wp-json\/wp\/v2\/pages\/3439","targetHints":{"allow":["GET"]}}],"collection":[{"href":"https:\/\/maghrebalghad.com\/en\/wp-json\/wp\/v2\/pages"}],"about":[{"href":"https:\/\/maghrebalghad.com\/en\/wp-json\/wp\/v2\/types\/page"}],"author":[{"embeddable":true,"href":"https:\/\/maghrebalghad.com\/en\/wp-json\/wp\/v2\/users\/1"}],"replies":[{"embeddable":true,"href":"https:\/\/maghrebalghad.com\/en\/wp-json\/wp\/v2\/comments?post=3439"}],"version-history":[{"count":19,"href":"https:\/\/maghrebalghad.com\/en\/wp-json\/wp\/v2\/pages\/3439\/revisions"}],"predecessor-version":[{"id":3469,"href":"https:\/\/maghrebalghad.com\/en\/wp-json\/wp\/v2\/pages\/3439\/revisions\/3469"}],"wp:attachment":[{"href":"https:\/\/maghrebalghad.com\/en\/wp-json\/wp\/v2\/media?parent=3439"}],"curies":[{"name":"wp","href":"https:\/\/api.w.org\/{rel}","templated":true}]}}