{"id":434,"date":"2023-10-21T02:58:26","date_gmt":"2023-10-21T02:58:26","guid":{"rendered":"http:\/\/localhost\/indostio\/?page_id=434"},"modified":"2025-09-06T19:25:41","modified_gmt":"2025-09-06T17:25:41","slug":"contact-us","status":"publish","type":"page","link":"https:\/\/maghrebalghad.com\/en\/contact-us\/","title":{"rendered":"Contact Us"},"content":{"rendered":"<div data-elementor-type=\"wp-page\" data-elementor-id=\"434\" class=\"elementor elementor-434\">\n\t\t\t\t<div class=\"elementor-element elementor-element-92d4d4c e-flex e-con-boxed e-con e-parent\" data-id=\"92d4d4c\" data-element_type=\"container\" data-settings=\"{&quot;background_background&quot;:&quot;classic&quot;}\">\n\t\t\t\t\t<div class=\"e-con-inner\">\n\t\t\t\t<div class=\"elementor-element elementor-element-e20a4f5 elementor-widget elementor-widget-heading\" data-id=\"e20a4f5\" data-element_type=\"widget\" data-widget_type=\"heading.default\">\n\t\t\t\t<div class=\"elementor-widget-container\">\n\t\t\t\t\t<h2 class=\"elementor-heading-title elementor-size-default\">Nous contacter<\/h2>\t\t\t\t<\/div>\n\t\t\t\t<\/div>\n\t\t\t\t<div class=\"elementor-element elementor-element-71d0af1 elementor-widget-divider--view-line elementor-widget elementor-widget-divider\" data-id=\"71d0af1\" data-element_type=\"widget\" data-widget_type=\"divider.default\">\n\t\t\t\t<div class=\"elementor-widget-container\">\n\t\t\t\t\t\t\t<div class=\"elementor-divider\">\n\t\t\t<span class=\"elementor-divider-separator\">\n\t\t\t\t\t\t<\/span>\n\t\t<\/div>\n\t\t\t\t\t\t<\/div>\n\t\t\t\t<\/div>\n\t\t\t\t\t<\/div>\n\t\t\t\t<\/div>\n\t\t<div class=\"elementor-element elementor-element-6116c3d e-flex e-con-boxed e-con e-parent\" data-id=\"6116c3d\" data-element_type=\"container\">\n\t\t\t\t\t<div class=\"e-con-inner\">\n\t\t<div class=\"elementor-element elementor-element-2c58446 e-con-full e-flex e-con e-child\" data-id=\"2c58446\" data-element_type=\"container\">\n\t\t\t\t<div class=\"elementor-element elementor-element-6d6922b elementor-view-default elementor-widget elementor-widget-icon\" data-id=\"6d6922b\" data-element_type=\"widget\" data-widget_type=\"icon.default\">\n\t\t\t\t<div class=\"elementor-widget-container\">\n\t\t\t\t\t\t\t<div class=\"elementor-icon-wrapper\">\n\t\t\t<div class=\"elementor-icon\">\n\t\t\t<svg xmlns=\"http:\/\/www.w3.org\/2000\/svg\" width=\"248\" height=\"248\" viewbox=\"0 0 248 248\" fill=\"none\"><path d=\"M62.091 65.4055L63.0906 65.4311L63.0924 65.3629L63.0848 65.2951L62.091 65.4055ZM61.8148 76.1778L60.8151 76.1522L60.8148 76.165V76.1778H61.8148ZM66.5104 80.8735V79.8735H66.455L66.4 79.8796L66.5104 80.8735ZM152.137 80.8735L152.844 81.5806L154.551 79.8735H152.137V80.8735ZM166.5 95.2366L167.5 95.2333L167.492 92.8301L165.793 94.5295L166.5 95.2366ZM166.776 181.139L167.77 181.249L167.776 181.193L167.776 181.136L166.776 181.139ZM171.472 185.835L171.472 186.835H171.484L171.497 186.834L171.472 185.835ZM182.244 185.558L182.354 184.565L182.286 184.557L182.218 184.559L182.244 185.558ZM61.0913 65.3799L60.8151 76.1522L62.8144 76.2035L63.0906 65.4311L61.0913 65.3799ZM60.8148 76.1778C60.8148 79.4227 63.4354 82.2213 66.6208 81.8673L66.4 79.8796C64.6136 80.0781 62.8148 78.4572 62.8148 76.1778H60.8148ZM66.5104 81.8735H152.137V79.8735H66.5104V81.8735ZM151.429 80.1664L57.2407 174.355L58.6549 175.769L152.844 81.5806L151.429 80.1664ZM57.2407 174.355C54.8791 176.717 55.2315 180.389 57.2407 182.399L58.6549 180.984C57.3495 179.679 57.1494 177.275 58.6549 175.769L57.2407 174.355ZM57.2407 182.399L64.9746 190.133L66.3888 188.718L58.6549 180.984L57.2407 182.399ZM64.9746 190.133C67.2987 192.457 70.694 192.457 73.018 190.133L71.6038 188.718C70.0608 190.261 67.9318 190.261 66.3888 188.718L64.9746 190.133ZM73.018 190.133L167.207 95.9437L165.793 94.5295L71.6038 188.718L73.018 190.133ZM165.5 95.2398L165.776 181.142L167.776 181.136L167.5 95.2333L165.5 95.2398ZM165.782 181.029C165.428 184.214 168.227 186.835 171.472 186.835L171.472 184.835C169.192 184.835 167.571 183.036 167.77 181.249L165.782 181.029ZM171.497 186.834L182.27 186.558L182.218 184.559L171.446 184.835L171.497 186.834ZM182.133 186.552C185.319 186.906 187.94 184.108 187.939 180.863L185.94 180.863C185.94 183.142 184.141 184.763 182.354 184.565L182.133 186.552ZM187.939 180.863L187.94 65.4055H185.94L185.94 180.863L187.939 180.863ZM187.94 65.4055C187.94 63.7849 187.368 62.3484 186.335 61.3148C185.301 60.2812 183.864 59.7099 182.244 59.7099V61.7099C183.385 61.7099 184.297 62.1053 184.92 62.729C185.544 63.3527 185.94 64.264 185.94 65.4055H187.94ZM182.244 59.7099H66.7866V61.7099H182.244V59.7099ZM66.7866 59.7099C63.5417 59.7099 60.7431 62.3305 61.0971 65.5159L63.0848 65.2951C62.8864 63.5087 64.5072 61.7099 66.7866 61.7099V59.7099Z\" fill=\"currentColor\"><\/path><\/svg>\t\t\t<\/div>\n\t\t<\/div>\n\t\t\t\t\t\t<\/div>\n\t\t\t\t<\/div>\n\t\t\t\t<\/div>\n\t\t<div class=\"elementor-element elementor-element-d34989e e-con-full e-flex e-con e-child\" data-id=\"d34989e\" data-element_type=\"container\">\n\t\t\t\t<div class=\"elementor-element elementor-element-a081806 elementor-widget elementor-widget-indostio-heading\" data-id=\"a081806\" data-element_type=\"widget\" data-widget_type=\"indostio-heading.default\">\n\t\t\t\t<div class=\"elementor-widget-container\">\n\t\t\t\t\t\t\t<div class=\"indostio-heading-elementor\">\r\n\t\t\t\t<h2 class=\"indostio-heading\">\r\n\t\t\t\t\tRabat\t\t\t\t<\/h2>\r\n\t\t\t<\/div>\r\n\t\t\t\t\t\t<\/div>\n\t\t\t\t<\/div>\n\t\t\t\t<div class=\"elementor-element elementor-element-bcee4b9 elementor-widget elementor-widget-indostio-heading\" data-id=\"bcee4b9\" data-element_type=\"widget\" data-widget_type=\"indostio-heading.default\">\n\t\t\t\t<div class=\"elementor-widget-container\">\n\t\t\t\t\t\t\t<div class=\"indostio-heading-elementor\">\r\n\t\t\t\t<div class=\"indostio-heading\">\r\n\t\t\t\t\t54, Rue Tensift, Apt N1 Agdal - Rabat\t\t\t\t<\/div>\r\n\t\t\t<\/div>\r\n\t\t\t\t\t\t<\/div>\n\t\t\t\t<\/div>\n\t\t\t\t<div class=\"elementor-element elementor-element-fd9c17c elementor-widget elementor-widget-indostio-heading\" data-id=\"fd9c17c\" data-element_type=\"widget\" data-widget_type=\"indostio-heading.default\">\n\t\t\t\t<div class=\"elementor-widget-container\">\n\t\t\t\t\t\t\t<div class=\"indostio-heading-elementor\">\r\n\t\t\t\t<div class=\"indostio-heading\">\r\n\t\t\t\t\tcontact@maghrebalghad.com\t\t\t\t<\/div>\r\n\t\t\t<\/div>\r\n\t\t\t\t\t\t<\/div>\n\t\t\t\t<\/div>\n\t\t\t\t<div class=\"elementor-element elementor-element-d688a12 indostio-icon-box__icon-alignment--left indostio-icon-box__vertical-align-middle indostio-icon-box__icon-position--left elementor-widget elementor-widget-indostio-icon-box\" data-id=\"d688a12\" data-element_type=\"widget\" data-widget_type=\"indostio-icon-box.default\">\n\t\t\t\t<div class=\"elementor-widget-container\">\n\t\t\t\t\t\t\t<div class=\"indostio-icon-box no-desc icon-type-icon\">\r\n\t\t\t\t\t\t\t\t\t\t<div class=\"indostio-icon-box__icon\">\r\n\t\t\t\t\t<span class=\"indostio-svg-icon\"><svg xmlns=\"http:\/\/www.w3.org\/2000\/svg\" width=\"13\" height=\"13\" viewbox=\"0 0 13 13\" fill=\"none\"><path d=\"M12.0547 1.50293L9.61719 0.94043C9.35938 0.870117 9.07812 1.01074 8.96094 1.26855L7.83594 3.89355C7.74219 4.12793 7.8125 4.38574 8 4.5498L9.42969 5.72168C8.58594 7.50293 7.10938 9.00293 5.28125 9.87012L4.10938 8.44043C3.94531 8.25293 3.6875 8.18262 3.45312 8.27637L0.828125 9.40137C0.570312 9.51855 0.453125 9.7998 0.5 10.0576L1.0625 12.4951C1.13281 12.7529 1.34375 12.917 1.625 12.917C7.625 12.917 12.5 8.06543 12.5 2.04199C12.5 1.78418 12.3125 1.57324 12.0547 1.50293Z\" fill=\"currentColor\"><\/path><\/svg><\/span>\t\t\t\t<\/div>\r\n\t\t\t\t\t\t<div class=\"indostio-icon-box__wrapper\">\r\n\t\t\t\t\t\t\t\t\t<h6 class=\"indostio-icon-box__title\">+212 663 080 980<\/h6>\r\n\t\t\t\t\t\t\t\t\t\t\t\t\t\t\t<\/div>\r\n\t\t<\/div>\r\n\t\t\t\t\t\t<\/div>\n\t\t\t\t<\/div>\n\t\t\t\t<\/div>\n\t\t\t\t\t<\/div>\n\t\t\t\t<\/div>\n\t\t<div class=\"elementor-element elementor-element-ad2a2c5 e-flex e-con-boxed e-con e-parent\" data-id=\"ad2a2c5\" data-element_type=\"container\">\n\t\t\t\t\t<div class=\"e-con-inner\">\n\t\t\t\t<div class=\"elementor-element elementor-element-3c3e27a elementor-widget elementor-widget-google_maps\" data-id=\"3c3e27a\" data-element_type=\"widget\" data-widget_type=\"google_maps.default\">\n\t\t\t\t<div class=\"elementor-widget-container\">\n\t\t\t\t\t\t\t<div class=\"elementor-custom-embed\">\n\t\t\t<iframe loading=\"lazy\"\n\t\t\t\t\tsrc=\"https:\/\/maps.google.com\/maps?q=54%2C%20Rue%20Tensift%2C%20Apt%20N1%20Agdal%20-%20Rabat&#038;t=m&#038;z=10&#038;output=embed&#038;iwloc=near\"\n\t\t\t\t\ttitle=\"54, Rue Tensift, Apt N1 Agdal - Rabat\"\n\t\t\t\t\taria-label=\"54, Rue Tensift, Apt N1 Agdal - Rabat\"\n\t\t\t><\/iframe>\n\t\t<\/div>\n\t\t\t\t\t\t<\/div>\n\t\t\t\t<\/div>\n\t\t\t\t\t<\/div>\n\t\t\t\t<\/div>\n\t\t<div class=\"elementor-element elementor-element-231f7bb e-flex e-con-boxed e-con e-parent\" data-id=\"231f7bb\" data-element_type=\"container\" data-settings=\"{&quot;background_background&quot;:&quot;classic&quot;}\">\n\t\t\t\t\t<div class=\"e-con-inner\">\n\t\t<div class=\"elementor-element elementor-element-e4b2658 e-flex e-con-boxed e-con e-child\" data-id=\"e4b2658\" data-element_type=\"container\" data-settings=\"{&quot;background_background&quot;:&quot;classic&quot;}\">\n\t\t\t\t\t<div class=\"e-con-inner\">\n\t\t\t\t<div class=\"elementor-element elementor-element-a75f9c0 elementor-widget elementor-widget-indostio-heading\" data-id=\"a75f9c0\" data-element_type=\"widget\" data-widget_type=\"indostio-heading.default\">\n\t\t\t\t<div class=\"elementor-widget-container\">\n\t\t\t\t\t\t\t<div class=\"indostio-heading-elementor\">\r\n\t\t\t\t<h2 class=\"indostio-heading\">\r\n\t\t\t\t\tNous contacter\t\t\t\t<\/h2>\r\n\t\t\t<\/div>\r\n\t\t\t\t\t\t<\/div>\n\t\t\t\t<\/div>\n\t\t\t\t<div class=\"elementor-element elementor-element-c4c7fd6 elementor-widget elementor-widget-shortcode\" data-id=\"c4c7fd6\" data-element_type=\"widget\" data-widget_type=\"shortcode.default\">\n\t\t\t\t<div class=\"elementor-widget-container\">\n\t\t\t\t\t\t\t<div class=\"elementor-shortcode\"><div class=\"forminator-ui forminator-custom-form forminator-custom-form-3504 forminator-design--default  forminator_ajax\" data-forminator-render=\"0\" data-form=\"forminator-module-3504\" data-uid=\"69e4d3af69c37\"><br\/><\/div><form\n\t\t\t\tid=\"forminator-module-3504\"\n\t\t\t\tclass=\"forminator-ui forminator-custom-form forminator-custom-form-3504 forminator-design--default  forminator_ajax\"\n\t\t\t\tmethod=\"post\"\n\t\t\t\tdata-forminator-render=\"0\"\n\t\t\t\tdata-form-id=\"3504\"\n\t\t\t\t\n\t\t\t\tdata-design=\"default\"\n\t\t\t\tdata-color-option=\"theme\"\n\t\t\t\t\n\t\t\t\t\n\t\t\t\t\n\t\t\t\tdata-grid=\"open\"\n\t\t\t\t\n\t\t\t\t\n\t\t\t\tstyle=\"display: none;\"\n\t\t\t\t\n\t\t\t\tdata-uid=\"69e4d3af69c37\" action=\"\"\n\t\t\t><div role=\"alert\" aria-live=\"polite\" class=\"forminator-response-message forminator-error\" aria-hidden=\"true\"><\/div><div class=\"forminator-row\"><div id=\"name-1\" class=\"forminator-field-name forminator-col forminator-col-12\"><div class=\"forminator-field\"><label for=\"forminator-field-name-1_69e4d3af69c37\" id=\"forminator-field-name-1_69e4d3af69c37-label\" class=\"forminator-label\">Pr\u00e9nom <span class=\"forminator-required\">*<\/span><\/label><input type=\"text\" name=\"name-1\" value=\"\" placeholder=\"\" id=\"forminator-field-name-1_69e4d3af69c37\" class=\"forminator-input forminator-name--field\" aria-required=\"true\" \/><\/div><\/div><\/div><div class=\"forminator-row\"><div id=\"email-1\" class=\"forminator-field-email forminator-col forminator-col-12\"><div class=\"forminator-field\"><label for=\"forminator-field-email-1_69e4d3af69c37\" id=\"forminator-field-email-1_69e4d3af69c37-label\" class=\"forminator-label\">Adresse de messagerie <span class=\"forminator-required\">*<\/span><\/label><input type=\"email\" name=\"email-1\" value=\"\" placeholder=\"\" id=\"forminator-field-email-1_69e4d3af69c37\" class=\"forminator-input forminator-email--field\" data-required=\"true\" aria-required=\"true\" \/><\/div><\/div><\/div><div class=\"forminator-row\"><div id=\"phone-1\" class=\"forminator-field-phone forminator-col forminator-col-12\"><div class=\"forminator-field\"><label for=\"forminator-field-phone-1_69e4d3af69c37\" id=\"forminator-field-phone-1_69e4d3af69c37-label\" class=\"forminator-label\">Num\u00e9ro de t\u00e9l\u00e9phone<\/label><input type=\"text\" name=\"phone-1\" value=\"\" placeholder=\"\" id=\"forminator-field-phone-1_69e4d3af69c37\" class=\"forminator-input forminator-field--phone\" data-required=\"\" aria-required=\"false\" autocomplete=\"off\" \/><\/div><\/div><\/div><div class=\"forminator-row\"><div id=\"textarea-1\" class=\"forminator-field-textarea forminator-col forminator-col-12\"><div class=\"forminator-field\"><label for=\"forminator-field-textarea-1_69e4d3af69c37\" id=\"forminator-field-textarea-1_69e4d3af69c37-label\" class=\"forminator-label\">Message<\/label><span id=\"forminator-field-textarea-1_69e4d3af69c37-description\" class=\"forminator-description\"><span data-limit=\"180\" data-type=\"characters\" data-editor=\"\">0 \/ 180<\/span><\/span><textarea name=\"textarea-1\" placeholder=\"\" id=\"forminator-field-textarea-1_69e4d3af69c37\" class=\"forminator-textarea\" rows=\"6\" style=\"min-height:140px;\" maxlength=\"180\" ><\/textarea><\/div><\/div><\/div><input type=\"hidden\" name=\"referer_url\" value=\"\" \/><div class=\"forminator-row forminator-row-last\"><div class=\"forminator-col\"><div class=\"forminator-field\"><button class=\"forminator-button forminator-button-submit\">Envoyer<\/button><\/div><\/div><\/div><input type=\"hidden\" id=\"forminator_nonce\" name=\"forminator_nonce\" value=\"d3dcca661f\" \/><input type=\"hidden\" name=\"_wp_http_referer\" value=\"\/en\/wp-json\/wp\/v2\/pages\/434\" \/><input type=\"hidden\" name=\"form_id\" value=\"3504\"><input type=\"hidden\" name=\"page_id\" value=\"434\"><input type=\"hidden\" name=\"form_type\" value=\"default\"><input type=\"hidden\" name=\"current_url\" value=\"https:\/\/maghrebalghad.com\/en\/contact-us\/\"><input type=\"hidden\" name=\"render_id\" value=\"0\"><input type=\"hidden\" name=\"action\" value=\"forminator_submit_form_custom-forms\"><input type=\"hidden\" name=\"trp-form-language\" value=\"en\"\/><\/form><\/div>\n\t\t\t\t\t\t<\/div>\n\t\t\t\t<\/div>\n\t\t\t\t\t<\/div>\n\t\t\t\t<\/div>\n\t\t\t\t\t<\/div>\n\t\t\t\t<\/div>\n\t\t\t\t<\/div>","protected":false},"excerpt":{"rendered":"<p>Nous contacter Rabat 54, Rue Tensift, Apt N1 Agdal &#8211; Rabat contact@maghrebalghad.com +212 663 080 980 Nous contacter<\/p>","protected":false},"author":1,"featured_media":0,"parent":0,"menu_order":0,"comment_status":"closed","ping_status":"closed","template":"","meta":{"footnotes":""},"class_list":["post-434","page","type-page","status-publish","hentry"],"_links":{"self":[{"href":"https:\/\/maghrebalghad.com\/en\/wp-json\/wp\/v2\/pages\/434","targetHints":{"allow":["GET"]}}],"collection":[{"href":"https:\/\/maghrebalghad.com\/en\/wp-json\/wp\/v2\/pages"}],"about":[{"href":"https:\/\/maghrebalghad.com\/en\/wp-json\/wp\/v2\/types\/page"}],"author":[{"embeddable":true,"href":"https:\/\/maghrebalghad.com\/en\/wp-json\/wp\/v2\/users\/1"}],"replies":[{"embeddable":true,"href":"https:\/\/maghrebalghad.com\/en\/wp-json\/wp\/v2\/comments?post=434"}],"version-history":[{"count":22,"href":"https:\/\/maghrebalghad.com\/en\/wp-json\/wp\/v2\/pages\/434\/revisions"}],"predecessor-version":[{"id":3528,"href":"https:\/\/maghrebalghad.com\/en\/wp-json\/wp\/v2\/pages\/434\/revisions\/3528"}],"wp:attachment":[{"href":"https:\/\/maghrebalghad.com\/en\/wp-json\/wp\/v2\/media?parent=434"}],"curies":[{"name":"wp","href":"https:\/\/api.w.org\/{rel}","templated":true}]}}